{"id":3230,"date":"2025-11-13T12:13:39","date_gmt":"2025-11-13T12:13:39","guid":{"rendered":"https:\/\/r98.c16.mytemp.website\/informativa-sulla-privacy\/"},"modified":"2026-03-05T16:06:43","modified_gmt":"2026-03-05T16:06:43","slug":"informativa-sulla-privacy","status":"publish","type":"page","link":"https:\/\/caljan.com\/it\/informativa-sulla-privacy\/","title":{"rendered":"Informativa sulla privacy"},"content":{"rendered":"\n<h2 class=\"wp-block-heading\">Caljan \u00e8 consapevole dell&#8217;importanza di proteggere i tuoi dati personali. Caljan non ceder\u00e0 n\u00e9 vender\u00e0 alcuna informazione raccolta dal nostro sito web a terzi, se non nei casi previsti dalla legge. Tutte le informazioni ricevute da questo sito sono ad uso esclusivo di Caljan.<br\/>Questa informativa, aggiornata l&#8217;ultima volta nel novembre 2023, descrive le nostre pratiche generali sulla privacy.  <\/h2>\n\n<p>Caljan A\/S, con numero di registrazione 30205618, \u00e8 il titolare del trattamento dei dati personali che ti riguardano. Ci assicuriamo che le tue informazioni siano trattate in conformit\u00e0 con la legge. Prendiamo sul serio la protezione dei dati. Per informarti su come trattiamo i tuoi dati personali, abbiamo adottato la presente informativa sulla privacy.   <\/p>\n\n<p>Informazioni di contatto<br\/>Se desideri metterti in contatto con noi in merito al trattamento dei tuoi dati personali, puoi contattarci all&#8217;indirizzo<br\/>:<\/p>\n\n<p>Ved Milep\u00e6len 6-8, 8361 Hasselager<br\/><a rel=\"noreferrer noopener\" href=\"mailto:invoice@caljan.com\" target=\"_blank\">invoice@caljan.com<\/a><br\/>87 38 78 00<\/p>\n\n<h2 class=\"wp-block-heading\">Trattamento dei dati personali<\/h2>\n\n<p>I dati personali sono tutti i tipi di informazioni che riguardano una persona identificabile. La presente informativa sulla privacy descrive il modo in cui Caljan A\/S tratta le tue informazioni. Tratteremo le informazioni che ti riguardano solo se necessario e per uno scopo specifico. Le tue informazioni saranno sempre trattate in modo confidenziale.   <\/p>\n\n<h2 class=\"wp-block-heading\">Protezione dei dati  <\/h2>\n\n<p>Abbiamo implementato misure tecniche e organizzative adeguate per evitare che i tuoi dati vengano accidentalmente o illegalmente cancellati, resi pubblici, persi, corrotti, divulgati o utilizzati in modo improprio. Ci assicuriamo che il trattamento avvenga solo nel rispetto di tutti i principi di protezione dei dati. <\/p>\n\n<h2 class=\"wp-block-heading\">Manteniamo i dati aggiornati<\/h2>\n\n<p>Poich\u00e9 i nostri servizi dipendono dall&#8217;accuratezza delle informazioni che ti riguardano, ti chiediamo di tenerci informati sulle modifiche apportate alle tue informazioni. Puoi sempre utilizzare le informazioni di contatto di cui sopra per comunicarci eventuali modifiche. Aggiorneremo le tue informazioni di conseguenza. Se dovessimo scoprire che le informazioni che ti riguardano non sono corrette, le aggiorneremo e te lo faremo sapere.   <\/p>\n\n<p>Di seguito ti indichiamo la base giuridica su cui trattiamo i tuoi dati, per quale scopo e per quanto tempo li conserviamo.<\/p>\n\n<h2 class=\"wp-block-heading\">Visitatori del sito web  <\/h2>\n\n<p>Quando visiti il nostro sito web, elaboriamo le seguenti informazioni personali su di te:<br\/>&#8211; ID utente univoco, numero di volte che un utente ha visitato il sito web, pubblicit\u00e0, indirizzo URL-<br\/>, monitoraggio dell&#8217;uso di servizi integrati, comportamento dell&#8217;utente, preferenze e interazione con<br\/>il sito web e monitoraggio di pi\u00f9 siti web.<\/p>\n\n<p>Trattiamo i dati personali dei visitatori del sito web allo scopo di:<br\/>&#8211; Personalizzare gli annunci che vedi sul sito web<br\/>&#8211; Ottimizzare il nostro sito web in base alle preferenze degli utenti<br\/>&#8211; Ottimizzare il funzionamento del nostro sito web<\/p>\n\n<p>Trattiamo le informazioni in base alla seguente base giuridica: &#8211; Il consenso \u00e8 stato dato attraverso il nostro modulo di consenso e\/o il banner dei cookie, cfr. GDPR art. 6(1)(a). 6(1)(a) <\/p>\n\n<p>&#8211; Il legittimo interesse dell&#8217;azienda, ovvero l&#8217;amministrazione ottimale del sito web, cfr. GDPR art. 6(1(f). 6(1)(f). <\/p>\n\n<p>I dati personali dei visitatori del sito web saranno cancellati quando non saranno pi\u00f9 necessari. Il periodo di tempo dipende dal carattere dei dati e dalla base di archiviazione. <\/p>\n\n<h2 class=\"wp-block-heading\">Contatti e assistenza<\/h2>\n\n<p>Quando ci contatti via e-mail, telefono, modulo di contatto sul nostro sito web o per posta ordinaria, elaboriamo le seguenti informazioni su di te: &#8211; Le tue informazioni di contatto e il contenuto del tuo messaggio.<\/p>\n\n<p>Trattiamo queste informazioni per fornire un buon servizio e per gestire la tua richiesta.<\/p>\n\n<p>Trattiamo le informazioni in base alle seguenti basi giuridiche:<br\/>&#8211; Per l&#8217;esecuzione della fornitura di un servizio nell&#8217;ambito di un contratto (cfr. GDPR art. 6(1)(b)). 6(1)(b)) <\/p>\n\n<p>Conserviamo le informazioni non pi\u00f9 a lungo di quanto necessario per i nostri scopi sopra indicati. Questo viene valutato individualmente per ogni richiesta in base al suo contenuto e alla sua natura. Continueremo a trattare le tue informazioni per tutto il tempo in cui la nostra corrispondenza continuer\u00e0. Una volta che la corrispondenza sar\u00e0 chiusa e non richieder\u00e0 ulteriori azioni, i tuoi dati saranno cancellati.   <\/p>\n\n<h2 class=\"wp-block-heading\">Fornitura di beni e servizi<\/h2>\n\n<p>Quando stipuliamo un contratto per fornirti i nostri beni\/servizi, \u00e8 necessario che elaboriamo alcune informazioni personali su di te. Si tratta di informazioni di tipo ordinario, ad esempio il nome e l&#8217;e-mail, al fine di adempiere al nostro contratto con te (cfr. GDPR art. 6(1)(b)). 6(1)(b))  <\/p>\n\n<p>Le informazioni raccolte per questo scopo saranno cancellate quando non saranno pi\u00f9 necessarie per l&#8217;esecuzione del contratto, a meno che non vi siano ragioni specifiche per conservare le informazioni pi\u00f9 a lungo, come ad esempio un periodo di garanzia o la gestione dei reclami su<br\/>.<\/p>\n\n<p>Le informazioni contenute nel materiale contabile saranno conservate per 5 anni dalla fine dell&#8217;anno contabile in cui il contratto \u00e8 stato eseguito\/pagato. Siamo obbligati per legge a farlo. <\/p>\n\n<h2 class=\"wp-block-heading\">Social Media  <\/h2>\n\n<p>Quando ti piace e\/o ci segui su LinkedIn e Facebook, trattiamo le seguenti informazioni su<br\/>te:<br\/>&#8211; Il contenuto dei messaggi che ci invii<br\/>&#8211; Nome<br\/>Lo scopo del trattamento delle tue informazioni \u00e8 quello di tenere aggiornati i follower interessati su offerte speciali, nuovi<br\/>servizi\/soluzioni, cose da notare, aggiornamenti rilevanti dal punto di vista economico ecc.<\/p>\n\n<p>Trattiamo le informazioni sulla base delle seguenti basi giuridiche:<br\/>&#8211; Il nostro interesse per il marketing e per il miglioramento della nostra pagina e dei nostri prodotti (cfr. GDPR art. 6(1)(f)). 6(1)(f)) <\/p>\n\n<p><strong>LinkedIn<\/strong><br\/>Abbiamo un controllo congiunto con LinkedIn per quanto riguarda i dati personali raccolti quando visiti la nostra pagina aziendale su LinkedIn.<\/p>\n\n<p>Ci\u00f2 significa che dobbiamo delegare e stabilire la responsabilit\u00e0 delle tue informazioni tra LinkedIn e noi stessi per quanto riguarda la conformit\u00e0 alla legislazione sulla protezione dei dati.<\/p>\n\n<p>Puoi trovare il nostro accordo di controllo congiunto qui: <a href=\"https:\/\/legal.linkedin.com\/pages-joint-controller-addendum\" rel=\"nofollow noopener\" target=\"_blank\">https:\/\/legal.linkedin.com\/pages-joint-<\/a><br\/><a href=\"https:\/\/legal.linkedin.com\/pages-joint-controller-addendum\" rel=\"nofollow noopener\" target=\"_blank\">controller-addendum<\/a><\/p>\n\n<p>Se non hai un profilo LinkedIn, le informazioni raccolte su di te includono: la tua unit\u00e0, la tua posizione\/geodati e informazioni sulla tua attivit\u00e0 su LinkedIn e altri siti web.<\/p>\n\n<p>Se hai un profilo su LinkedIn, le informazioni raccolte su di te includono anche: le informazioni che hai acconsentito a raccogliere quando hai registrato il tuo profilo utente, come le reazioni, i commenti e le condivisioni di<br\/>da parte tua e di altri. Riceviamo solo le informazioni che ci invii tu stesso, ad esempio in un commento, in un like o in un messaggio. Inoltre, riceviamo informazioni statistiche anonime sul coinvolgimento degli utenti da LinkedIn, tramite<br\/>la funzionalit\u00e0 chiamata LinkedIn Page Analytics. Se desideri che i tuoi dati vengano cancellati da LinkedIn, devi cancellare il tuo profilo LinkedIn. Se cancelli il tuo profilo, significa che i tuoi post, le tue foto e le tue informazioni saranno cancellate. Se hai domande su LinkedIn Page Analytics, contatta direttamente LinkedIn.     <\/p>\n\n<p><strong>Facebook<\/strong><\/p>\n\n<p>Abbiamo un controllo congiunto con Meta per quanto riguarda le informazioni personali raccolte su di te quando visiti la nostra pagina aziendale su Facebook. Ci\u00f2 significa che dobbiamo delegare e stabilire la responsabilit\u00e0 delle tue informazioni tra Meta e noi, al fine di garantire la conformit\u00e0 alla legislazione sulla protezione dei dati. <\/p>\n\n<p>Puoi trovare il nostro accordo di controllo congiunto qui:<br\/><a href=\"https:\/\/www.facebook.com\/legal\/controller_addendum\" rel=\"nofollow noopener\" target=\"_blank\">https:\/\/www.facebook.com\/legal\/controller_addendum<\/a><\/p>\n\n<p>Meta utilizza Insights su Facebook per raccogliere statistiche sull&#8217;attivit\u00e0 degli utenti sulla pagina; tra le informazioni raccolte vi sono: et\u00e0, sesso, stato relazionale, lavoro, stile di vita, interessi, acquisti e geolocalizzazione. A tal fine, Meta inserisce dei cookie nella tua unit\u00e0, quando visiti Facebook. Ogni cookie contiene un identificativo unico che rimane attivo per 2 anni, a meno che non venga cancellato prima di tale data. Meta raccoglie, elabora e salva le tue informazioni personali con questi cookie. Riceviamo risultati aggregati delle informazioni.    <\/p>\n\n<p>Puoi leggere ulteriori informazioni sull&#8217;utilizzo dei cookie da parte di Facebook qui: <a href=\"https:\/\/m.facebook.com\/policies\/cookies\/\" rel=\"nofollow noopener\" target=\"_blank\">https:\/\/m.facebook.com\/policies\/cookies\/<\/a> e qui: <a href=\"https:\/\/help.instagram.com\/1896641480634370\" rel=\"nofollow noopener\" target=\"_blank\">Politik om cookies | Hj\u00e6lp til Instagram<\/a><\/p>\n\n<p>Non trasmettiamo nessuna delle informazioni sull&#8217;utente che riceviamo da Meta. Meta pu\u00f2 fornire le tue informazioni a terzi. Per saperne di pi\u00f9, consulta la loro Informativa sulla privacy. Se desideri cancellare i tuoi cookie, puoi vedere come fare nel nostro banner sui cookie, oppure puoi contattare Meta.<br\/>Meta tratter\u00e0 le informazioni che ti riguardano, anche se non hai un account Facebook. Per saperne di pi\u00f9, puoi consultare l&#8217;Informativa sulla privacy qui: <a href=\"https:\/\/www.facebook.com\/privacy\/policy\" rel=\"nofollow noopener\" target=\"_blank\">La politica di Meta sulla protezione dei dati personali &#8211; Come Meta elabora e utilizza i dati degli utenti Meta<\/a>    <\/p>\n\n<h2 class=\"wp-block-heading\">Reclutamento  <\/h2>\n\n<p>Se ti candidi per una posizione presso di noi, tratteremo le informazioni che ci fornirai nella tua candidatura, nel tuo CV e negli altri documenti allegati. <strong>Non<\/strong> abbiamo bisogno che tu ci invii il tuo CPR\/numero di carta d&#8217;identit\u00e0 nazionale, foto, nazionalit\u00e0, sesso, interessi, parenti stretti, condanne penali e reati, informazioni sulla salute,<br\/>credo religioso o origine razziale ed etnica (non nazionalit\u00e0). <\/p>\n\n<p>Lo scopo della raccolta di informazioni su di te nel processo di reclutamento \u00e8 quello di valutare se sei un candidato adatto a ricoprire una posizione presso di noi.<\/p>\n\n<p>Trattiamo le tue informazioni in base alle seguenti basi giuridiche:<br\/>&#8211; Il nostro legittimo interesse a valutare le tue qualifiche (cfr. GDPR art. 6(1)(f)) &#8211; Trattamento del tuo CPR\/nome di identificazione nazionale se lo hai incluso nella tua candidatura\/CV. 6(1)(f))<br\/>&#8211; Trattamento del tuo CPR-\/national ID-no. se lo hai incluso nella tua candidatura\/CV. Trattiamo il tuo CPR\/ID nazionale solo per difendere o esercitare un diritto legale, cfr. legge danese sulla protezione dei dati \u00a7 11, sezione 2, n. 4, cfr. \u00a7 7, sezione 2, n. 4. 4, cfr. \u00a7 7, sezione 1 e GDPR art. 9(2)(f). 9(2)(f)      <\/p>\n\n<p>Se ci invii categorie particolari di dati personali, li tratteremo sulla base delle seguenti<br\/>basi giuridiche:<br\/>&#8211; soggetti privati: un interesse legittimo, che consiste nell&#8217;interesse di entrambe le parti a valutare una futura<br\/>collaborazione (cfr. GDPR art. 6(1(f)) e ad esercitare o difendere un diritto legale (cfr. GDPR art. 6(1)). 6(1)(f)) e per esercitare o difendere un diritto legale (cfr. GDPR art. 9(2)(f)). 9(2)(f))  <\/p>\n\n<p>Conserviamo la tua candidatura, compresi gli allegati, per un massimo di 6 mesi dopo la conclusione del processo di reclutamento, dopodich\u00e9 le tue informazioni saranno cancellate. Lo scopo della conservazione oltre la fine del processo di<br\/>\u00e8 quello di salvaguardare i nostri interessi in caso di reclami per discriminazione, ecc. durante il processo di reclutamento. <\/p>\n\n<p>Conserviamo le candidature non richieste, compresi gli allegati, per un massimo di 6 mesi, dopodich\u00e9 vengono eliminate. Se desideriamo conservare la tua candidatura per un periodo pi\u00f9 lungo, ti chiederemo il consenso per farlo. <\/p>\n\n<p>Se riteniamo che la tua candidatura sia rilevante per una possibile posizione futura, la conserveremo solo se avremo acquisito il tuo consenso (cfr. GDPR art. 6(1)(a)). 6(1)(a)). <\/p>\n\n<h2 class=\"wp-block-heading\">Trasferimento dei tuoi dati  <\/h2>\n\n<p>Utilizziamo terze parti per archiviare ed elaborare le informazioni. Quando utilizziamo i responsabili del trattamento dei dati, ci assicuriamo di aver stipulato accordi per il trattamento dei dati. In questo modo, questi elaboreranno le tue informazioni solo per nostro conto e non le utilizzeranno per i loro scopi.  <\/p>\n\n<p>Diamo priorit\u00e0 ai responsabili del trattamento dei dati all&#8217;interno dell&#8217;UE e di paesi terzi approvati dalla Commissione Europea per quanto riguarda un livello adeguato di protezione dei dati personali, cfr. GDPR art. 45.  <\/p>\n\n<p>Possiamo condividere i tuoi dati personali (come l&#8217;indirizzo IP, le pagine visitate e i dati comportamentali) con fornitori di servizi di analisi web e di identificazione di lead commerciali che ci aiutano ad analizzare il traffico del sito web e a identificare i visitatori interessati ai nostri prodotti e servizi.<\/p>\n\n<p>Se necessario, le tue informazioni possono essere comunicate ad altri responsabili del trattamento dei dati, ad esempio banche, societ\u00e0 di riscossione, corrieri o agenzie di collocamento.<\/p>\n\n<p>Nessuna informazione sul cellulare sar\u00e0 condivisa con terze parti\/affiliati per scopi di marketing\/promozionali. Tutte le categorie di cui sopra escludono i dati e il consenso del mittente dei messaggi di testo; queste informazioni non saranno condivise con terze parti. <\/p>\n\n<h2 class=\"wp-block-heading\">Trasferimento di informazioni a paesi terzi<\/h2>\n\n<p>Utilizziamo processori di dati in paesi terzi non sicuri. Se la legislazione di questi paesi terzi non offre la stessa protezione dei dati personali dell&#8217;UE, abbiamo una maggiore responsabilit\u00e0 nel garantire la protezione dei tuoi dati.   <\/p>\n\n<p>I tuoi dati personali potranno essere trasferiti a destinatari negli Stati Uniti in base al Data Privacy Framework UE-USA. USA o agli Stati Uniti sulla base delle Clausole Contrattuali Standard della Commissione Europea (cfr. GDPR art. 46(2)(c)). 46(2)(c)). Se vuoi saperne di pi\u00f9 sui meccanismi di trasferimento applicabili ai tuoi dati, puoi contattarci per ottenere ulteriori informazioni e documentazione.   <\/p>\n\n<h2 class=\"wp-block-heading\">I tuoi diritti<\/h2>\n\n<p>Contattandoci al punto di contatto in alto, potrai:<\/p>\n\n<p>&#8211; Ottenere informazioni sui dati personali in nostro possesso<br\/>&#8211; rettificare eventuali dati personali errati<br\/>&#8211; ottenere la cancellazione dei tuoi dati personali<br\/>&#8211; ottenere la limitazione del trattamento dei tuoi dati personali<br\/>&#8211; ricevere una copia dei tuoi dati personali (portabilit\u00e0 dei dati) allo scopo di trasferirli ad un altro titolare del trattamento<br\/>&#8211; opporti al trattamento<\/p>\n\n<p>Il consenso al trattamento \u00e8 volontario. Non ci saranno conseguenze per te se non acconsenti, se acconsenti solo ad alcuni elementi o se successivamente ritiri il tuo consenso. <\/p>\n\n<p>La revoca del consenso pu\u00f2 essere effettuata in qualsiasi momento al punto di contatto indicato in cima alla pagina.<\/p>\n\n<p>Quando ci contatti per chiedere di esercitare i tuoi diritti di cui sopra, ti risponderemo entro un mese. Se non possiamo soddisfare la tua richiesta, riceverai una spiegazione del perch\u00e9. <\/p>\n\n<p>Per esercitare i tuoi diritti o se hai domande sul trattamento dei tuoi dati, puoi sempre contattarci. Le nostre informazioni di contatto sono riportate in alto.   <\/p>\n\n<p>Se, dopo esserti messo in contatto con noi, non sei soddisfatto di come trattiamo i tuoi dati, hai il diritto di presentare un reclamo a <a href=\"http:\/\/www.datatilsynet.dk\/\" rel=\"nofollow noopener\" target=\"_blank\">Datatilsynet.<\/a><\/p>\n","protected":false},"excerpt":{"rendered":"<p>Caljan \u00e8 consapevole dell&#8217;importanza di proteggere i tuoi dati personali. Caljan non ceder\u00e0 n\u00e9 vender\u00e0 alcuna informazione raccolta dal nostro sito web a terzi, se non nei casi previsti dalla legge. Tutte le informazioni ricevute da questo sito sono ad uso esclusivo di Caljan.Questa informativa, aggiornata l&#8217;ultima volta nel novembre 2023, descrive le nostre pratiche [&hellip;]<\/p>\n","protected":false},"author":1,"featured_media":3235,"parent":0,"menu_order":0,"comment_status":"closed","ping_status":"closed","template":"","meta":{"_acf_changed":false},"class_list":["post-3230","page","type-page","status-publish","has-post-thumbnail","hentry"],"acf":[],"_links":{"self":[{"href":"https:\/\/caljan.com\/it\/wp-json\/wp\/v2\/pages\/3230","targetHints":{"allow":["GET"]}}],"collection":[{"href":"https:\/\/caljan.com\/it\/wp-json\/wp\/v2\/pages"}],"about":[{"href":"https:\/\/caljan.com\/it\/wp-json\/wp\/v2\/types\/page"}],"author":[{"embeddable":true,"href":"https:\/\/caljan.com\/it\/wp-json\/wp\/v2\/users\/1"}],"replies":[{"embeddable":true,"href":"https:\/\/caljan.com\/it\/wp-json\/wp\/v2\/comments?post=3230"}],"version-history":[{"count":2,"href":"https:\/\/caljan.com\/it\/wp-json\/wp\/v2\/pages\/3230\/revisions"}],"predecessor-version":[{"id":5340,"href":"https:\/\/caljan.com\/it\/wp-json\/wp\/v2\/pages\/3230\/revisions\/5340"}],"wp:featuredmedia":[{"embeddable":true,"href":"https:\/\/caljan.com\/it\/wp-json\/wp\/v2\/media\/3235"}],"wp:attachment":[{"href":"https:\/\/caljan.com\/it\/wp-json\/wp\/v2\/media?parent=3230"}],"curies":[{"name":"wp","href":"https:\/\/api.w.org\/{rel}","templated":true}]}}