{"id":3519,"date":"2025-08-12T07:04:20","date_gmt":"2025-08-12T07:04:20","guid":{"rendered":"https:\/\/r98.c16.mytemp.website\/a-propos-de-caljan\/"},"modified":"2026-03-22T20:17:47","modified_gmt":"2026-03-22T20:17:47","slug":"a-propos-de-caljan","status":"publish","type":"page","link":"https:\/\/caljan.com\/fr\/a-propos-de-caljan\/","title":{"rendered":"\u00c0 propos de Caljan"},"content":{"rendered":"","protected":false},"excerpt":{"rendered":"<p>Que vous ayez un probl\u00e8me de service, besoin de pi\u00e8ces d\u00e9tach\u00e9es ou de conseils techniques, notre \u00e9quipe d&rsquo;assistance internationale est \u00e0 votre disposition par simple appel ou clic.<\/p>\n","protected":false},"author":1,"featured_media":3844,"parent":0,"menu_order":0,"comment_status":"closed","ping_status":"closed","template":"templates\/flexible-page.php","meta":{"_acf_changed":false},"class_list":["post-3519","page","type-page","status-publish","has-post-thumbnail","hentry"],"acf":[],"_links":{"self":[{"href":"https:\/\/caljan.com\/fr\/wp-json\/wp\/v2\/pages\/3519","targetHints":{"allow":["GET"]}}],"collection":[{"href":"https:\/\/caljan.com\/fr\/wp-json\/wp\/v2\/pages"}],"about":[{"href":"https:\/\/caljan.com\/fr\/wp-json\/wp\/v2\/types\/page"}],"author":[{"embeddable":true,"href":"https:\/\/caljan.com\/fr\/wp-json\/wp\/v2\/users\/1"}],"replies":[{"embeddable":true,"href":"https:\/\/caljan.com\/fr\/wp-json\/wp\/v2\/comments?post=3519"}],"version-history":[{"count":2,"href":"https:\/\/caljan.com\/fr\/wp-json\/wp\/v2\/pages\/3519\/revisions"}],"predecessor-version":[{"id":5717,"href":"https:\/\/caljan.com\/fr\/wp-json\/wp\/v2\/pages\/3519\/revisions\/5717"}],"wp:featuredmedia":[{"embeddable":true,"href":"https:\/\/caljan.com\/fr\/wp-json\/wp\/v2\/media\/3844"}],"wp:attachment":[{"href":"https:\/\/caljan.com\/fr\/wp-json\/wp\/v2\/media?parent=3519"}],"curies":[{"name":"wp","href":"https:\/\/api.w.org\/{rel}","templated":true}]}}