{"id":3217,"date":"2025-11-13T12:13:39","date_gmt":"2025-11-13T12:13:39","guid":{"rendered":"https:\/\/r98.c16.mytemp.website\/politique-de-confidentialite\/"},"modified":"2026-04-07T14:02:13","modified_gmt":"2026-04-07T14:02:13","slug":"politique-de-confidentialite","status":"publish","type":"page","link":"https:\/\/caljan.com\/fr\/politique-de-confidentialite\/","title":{"rendered":"Politique de confidentialit\u00e9"},"content":{"rendered":"\n<h2 class=\"wp-block-heading\">Caljan comprend l&rsquo;importance de la protection de vos donn\u00e9es personnelles. Caljan ne donnera ni ne vendra aucune information recueillie sur son site Web \u00e0 des tiers, sauf si la loi l&rsquo;exige. Toutes les informations re\u00e7ues de ce site sont destin\u00e9es \u00e0 l&rsquo;usage exclusif de Caljan.<br>Cette politique, mise \u00e0 jour pour la derni\u00e8re fois en novembre 2023, d\u00e9crit nos pratiques g\u00e9n\u00e9rales en mati\u00e8re de protection de la vie priv\u00e9e.  <\/h2>\n\n\n\n<p>Caljan A\/S et le num\u00e9ro d&rsquo;enregistrement 30205618 est le contr\u00f4leur de donn\u00e9es pour toutes les informations personnelles vous concernant que nous traitons. Nous veillons \u00e0 ce que vos informations soient trait\u00e9es conform\u00e9ment \u00e0 la loi. Nous prenons la protection des donn\u00e9es au s\u00e9rieux. Pour vous informer de la mani\u00e8re dont nous traitons vos informations personnelles, nous avons adopt\u00e9 cette politique de confidentialit\u00e9.   <\/p>\n\n\n\n<p>Coordonn\u00e9es<br>Si vous souhaitez nous contacter au sujet du traitement de vos donn\u00e9es personnelles, vous pouvez nous contacter \u00e0 l&rsquo;adresse suivante:<\/p>\n\n\n\n<p>Ved Milep\u00e6len 6-8, 8361 Hasselager<br><a rel=\"noreferrer noopener\" href=\"mailto:invoice@caljan.com\" target=\"_blank\">invoice@caljan.com<\/a><br>87 38 78 00<\/p>\n\n\n\n<h2 class=\"wp-block-heading\">Traitement des donn\u00e9es personnelles<\/h2>\n\n\n\n<p>Les informations personnelles sont tous les types d&rsquo;informations qui se rapportent \u00e0 une personne identifiable. Cette politique de confidentialit\u00e9 d\u00e9crit la mani\u00e8re dont Caljan A\/S traite vos informations. Nous ne traiterons les informations vous concernant qu&rsquo;en cas de n\u00e9cessit\u00e9 et dans un but pr\u00e9cis. Nous traiterons toujours vos informations de mani\u00e8re confidentielle.   <\/p>\n\n\n\n<h2 class=\"wp-block-heading\">Protection des donn\u00e9es  <\/h2>\n\n\n\n<p>Nous avons mis en \u0153uvre des mesures techniques et organisationnelles appropri\u00e9es pour \u00e9viter que vos donn\u00e9es ne soient accidentellement ou ill\u00e9galement effac\u00e9es, rendues publiques, perdues, corrompues, divulgu\u00e9es ou utilis\u00e9es \u00e0 mauvais escient. Nous veillons \u00e0 ce que le traitement ne se fasse que dans le respect de tous les principes de la protection des donn\u00e9es. <\/p>\n\n\n\n<h2 class=\"wp-block-heading\">Nous maintenons les donn\u00e9es \u00e0 jour<\/h2>\n\n\n\n<p>Comme nos services d\u00e9pendent de l&rsquo;exactitude des informations que nous poss\u00e9dons sur vous, nous vous demandons de nous tenir inform\u00e9s de toute modification de ces informations. Vous pouvez toujours utiliser les coordonn\u00e9es ci-dessus pour nous informer de tout changement. Nous mettrons \u00e0 jour vos informations en cons\u00e9quence. Si nous d\u00e9couvrons que les informations vous concernant sont incorrectes, nous les mettrons \u00e0 jour et vous en informerons.   <\/p>\n\n\n\n<p>Vous trouverez ci-dessous la base juridique sur laquelle nous traitons vos informations, dans quel but et pendant combien de temps nous les conservons.<\/p>\n\n\n\n<h2 class=\"wp-block-heading\">Visiteurs du site web  <\/h2>\n\n\n\n<p>Lorsque vous visitez notre site web, nous traitons les informations personnelles suivantes:<br>&#8211; identifiant unique de l&rsquo;utilisateur, nombre de fois qu&rsquo;un utilisateur a visit\u00e9 le site web, publicit\u00e9, adresse URL<br>, suivi de l&rsquo;utilisation des services int\u00e9gr\u00e9s, comportement de l&rsquo;utilisateur, pr\u00e9f\u00e9rences et interaction avec<br>le site web et suivi de plusieurs sites web.<\/p>\n\n\n\n<p>Nous traitons les donn\u00e9es personnelles des visiteurs du site web dans le but de:<br>&#8211; Personnaliser les publicit\u00e9s que vous voyez sur le site web<br>&#8211; Optimiser notre site web en fonction des pr\u00e9f\u00e9rences des utilisateurs<br>&#8211; Optimiser le fonctionnement de notre site web<\/p>\n\n\n\n<p>Nous traitons les informations sur la base juridique suivante: &#8211; Le consentement a \u00e9t\u00e9 donn\u00e9 par le biais de notre formulaire de consentement et\/ou de notre banni\u00e8re de cookies, cf. GDPR art. 6(1)(a)<\/p>\n\n\n\n<p>&#8211; l&rsquo;int\u00e9r\u00eat l\u00e9gitime de l&rsquo;entreprise, c&rsquo;est-\u00e0-dire l&rsquo;administration optimale du site web, cf. GDPR art. 6(1)(f).<\/p>\n\n\n\n<p>Les informations personnelles concernant les visiteurs du site web sont supprim\u00e9es lorsqu&rsquo;elles ne sont plus n\u00e9cessaires. Le d\u00e9lai d\u00e9pend de la nature des donn\u00e9es et de la base de stockage. <\/p>\n\n\n\n<h2 class=\"wp-block-heading\">Contact et service<\/h2>\n\n\n\n<p>Lorsque vous nous contactez par e-mail, t\u00e9l\u00e9phone, formulaire de contact sur notre site web, ou par courrier ordinaire, nous traitons les informations suivantes \u00e0 votre sujet: &#8211; Vos coordonn\u00e9es ainsi que le contenu de votre message.<\/p>\n\n\n\n<p>Nous traitons ces informations dans le but de fournir un service de qualit\u00e9 et de traiter votre demande.<\/p>\n\n\n\n<p>Nous traitons les informations sur les bases juridiques suivantes:<br>&#8211; Pour l&rsquo;ex\u00e9cution d&rsquo;un service dans le cadre d&rsquo;un contrat (cf. GDPR art. 6(1)(b))<\/p>\n\n\n\n<p>Nous ne conservons pas les informations plus longtemps que n\u00e9cessaire pour les objectifs susmentionn\u00e9s. Cette dur\u00e9e est \u00e9valu\u00e9e individuellement pour chaque demande en fonction de son contenu et de sa nature. Nous continuerons \u00e0 traiter vos informations tant que notre correspondance se poursuivra. Une fois la correspondance close et ne n\u00e9cessitant plus d&rsquo;action, vos informations seront supprim\u00e9es.   <\/p>\n\n\n\n<h2 class=\"wp-block-heading\">Fourniture de biens et de services<\/h2>\n\n\n\n<p>Lorsque nous concluons un contrat pour vous fournir nos biens\/services, il est n\u00e9cessaire que nous traitions certaines informations personnelles vous concernant. Cela se limite aux types d&rsquo;informations ordinaires, par exemple le nom et l&rsquo;adresse \u00e9lectronique, dans le but d&rsquo;ex\u00e9cuter le contrat que nous avons conclu avec vous (cf. GDPR art. 6(1)(b))<\/p>\n\n\n\n<p>Les informations collect\u00e9es \u00e0 cette fin seront supprim\u00e9es d\u00e8s qu&rsquo;elles ne seront plus n\u00e9cessaires \u00e0 l&rsquo;ex\u00e9cution du contrat, \u00e0 moins qu&rsquo;il n&rsquo;existe des raisons sp\u00e9cifiques de les conserver plus longtemps, par exemple pour une p\u00e9riode de garantie ou pour le traitement des r\u00e9clamations sur le site.<\/p>\n\n\n\n<p>Les informations contenues dans les documents comptables seront conserv\u00e9es pendant cinq ans \u00e0 compter de la fin de l&rsquo;exercice comptable au cours duquel le contrat a \u00e9t\u00e9 ex\u00e9cut\u00e9\/pay\u00e9. Nous sommes l\u00e9galement tenus de le faire. <\/p>\n\n\n\n<h2 class=\"wp-block-heading\">M\u00e9dias sociaux  <\/h2>\n\n\n\n<p><br>Lorsque vous nous aimez et\/ou nous suivez sur LinkedIn et Facebook, nous traitons les informations suivantes vous concernant:<br>&#8211; Le contenu des messages que vous nous envoyez<br>&#8211; Votre nom<br>L&rsquo;objectif du traitement de vos informations est de tenir les personnes int\u00e9ress\u00e9es au courant des offres sp\u00e9ciales, des nouveaux services\/solutions, des choses \u00e0 noter, des mises \u00e0 jour pertinentes en mati\u00e8re de co\u00fbts, etc.<\/p>\n\n\n\n<p>Nous traitons les informations sur la base juridique suivante:<br>&#8211; Notre int\u00e9r\u00eat pour le marketing ainsi que pour l&rsquo;am\u00e9lioration de notre page et de nos produits (cf. GDPR art. 6(1)(f))<\/p>\n\n\n\n<p><strong>LinkedIn<\/strong><br>Nous avons un contr\u00f4le conjoint avec LinkedIn en ce qui concerne les informations personnelles collect\u00e9es \u00e0 votre sujet lorsque vous visitez notre page d&rsquo;entreprise LinkedIn.<\/p>\n\n\n\n<p>Cela signifie que nous devons d\u00e9l\u00e9guer et \u00e9tablir la responsabilit\u00e9 de vos informations entre LinkedIn et nous-m\u00eames en ce qui concerne le respect de la l\u00e9gislation sur la protection des donn\u00e9es.<\/p>\n\n\n\n<p>Vous trouverez notre accord sur le contr\u00f4le conjoint ici<a href=\"https:\/\/legal.linkedin.com\/pages-joint-controller-addendum\" rel=\"nofollow noopener\" target=\"_blank\">:https:\/\/legal.linkedin.com\/pages-joint-<br>controller-addendum<\/a><\/p>\n\n\n\n<p>Si vous n&rsquo;avez pas de profil LinkedIn, les informations collect\u00e9es \u00e0 votre sujet comprennent: votre unit\u00e9, vos donn\u00e9es de localisation\/g\u00e9odonn\u00e9es et des informations sur votre activit\u00e9 sur LinkedIn et d&rsquo;autres sites web.<\/p>\n\n\n\n<p>Si vous avez un profil sur LinkedIn, les informations collect\u00e9es \u00e0 votre sujet comprendront \u00e9galement: les informations que vous avez accept\u00e9 de collecter lorsque vous avez enregistr\u00e9 votre profil d&rsquo;utilisateur, telles que les r\u00e9actions, les commentaires et les partages par vous et par d&rsquo;autres personnes. Nous ne recevons que les informations que vous nous envoyez vous-m\u00eame, par exemple dans un commentaire, un like ou un message. En outre, nous recevons des informations statistiques anonymes sur l&rsquo;engagement des utilisateurs de la part de LinkedIn, via la fonctionnalit\u00e9 appel\u00e9e LinkedIn Page Analytics. Si vous souhaitez que vos informations soient supprim\u00e9es par LinkedIn, vous devez supprimer votre profil LinkedIn. Si vous supprimez votre profil, cela signifie que vos propres messages, photos et informations seront supprim\u00e9s. Si vous avez des questions concernant LinkedIn Page Analytics, veuillez contacter LinkedIn directement.<\/p>\n\n\n\n<p><strong>Facebook<\/strong><\/p>\n\n\n\n<p>Nous exer\u00e7ons un contr\u00f4le conjoint avec Meta en ce qui concerne les informations personnelles recueillies \u00e0 votre sujet lorsque vous visitez notre page d&rsquo;entreprise sur Facebook. Cela signifie que nous devons d\u00e9l\u00e9guer et \u00e9tablir la responsabilit\u00e9 de vos informations entre Meta et nous-m\u00eames en ce qui concerne le respect de la l\u00e9gislation sur la protection des donn\u00e9es. <\/p>\n\n\n\n<p>Vous trouverez notre accord sur le contr\u00f4le conjoint ici:<br><a href=\"https:\/\/www.facebook.com\/legal\/controller_addendum\" rel=\"nofollow noopener\" target=\"_blank\">https:\/\/www.facebook.com\/legal\/controller_addendum<\/a><\/p>\n\n\n\n<p>Meta utilise Insights sur Facebook pour collecter des statistiques sur l&rsquo;activit\u00e9 des utilisateurs sur la page, parmi les informations collect\u00e9es figurent: l&rsquo;\u00e2ge, le sexe, le statut de la relation, le travail, le style de vie, les int\u00e9r\u00eats, les achats et la g\u00e9olocalisation. \u00c0 cette fin, Meta place des cookies sur votre unit\u00e9 lorsque vous visitez Facebook. Chaque cookie contient un identifiant unique, qui reste actif pendant deux ans, \u00e0 moins qu&rsquo;il ne soit supprim\u00e9 avant cette date. Meta recueille, traite et enregistre vos informations personnelles gr\u00e2ce \u00e0 ces cookies. Nous recevons des r\u00e9sultats agr\u00e9g\u00e9s de ces informations.<\/p>\n\n\n\n<p>Pour en savoir plus sur l&rsquo;utilisation des cookies par Facebook, cliquez ici<a href=\"https:\/\/m.facebook.com\/policies\/cookies\/\" rel=\"nofollow noopener\" target=\"_blank\">: https:\/\/m.facebook.com\/policies\/cookies\/<\/a> et ici: <a href=\"https:\/\/help.instagram.com\/1896641480634370\" rel=\"nofollow noopener\" target=\"_blank\">Politik om cookies | Hj\u00e6lp til Instagram (en anglais)<\/a><\/p>\n\n\n\n<p>Nous ne transmettons aucune des informations vous concernant que nous recevons de Meta. Meta peut fournir vos informations \u00e0 des tiers. Vous pouvez en savoir plus \u00e0 ce sujet dans leur politique de confidentialit\u00e9. Si vous souhaitez effacer vos cookies, vous pouvez voir comment faire dans notre Cookie-banner, ou vous pouvez contacter Meta.<br>Meta traitera les informations vous concernant, m\u00eame si vous n&rsquo;avez pas de compte Facebook. Vous pouvez en savoir plus \u00e0 ce sujet dans leur politique de confidentialit\u00e9 ici: <a href=\"https:\/\/www.facebook.com\/privacy\/policy\" rel=\"nofollow noopener\" target=\"_blank\">Politique de Meta en mati\u00e8re de protection des informations personnelles &#8211; Comment Meta traite et utilise les donn\u00e9es des utilisateurs de Meta.<\/a><\/p>\n\n\n\n<h2 class=\"wp-block-heading\">Le recrutement  <\/h2>\n\n\n\n<p>Si vous postulez \u00e0 un emploi chez nous, nous traiterons les informations que vous fournissez dans votre candidature, votre CV et tout autre document joint. Nous <strong>n&rsquo;avons pas<\/strong> besoin que vous nous envoyiez votre num\u00e9ro de carte d&rsquo;identit\u00e9 nationale, votre photo, votre nationalit\u00e9, votre sexe, vos centres d&rsquo;int\u00e9r\u00eat, votre famille proche, vos condamnations p\u00e9nales et vos infractions, vos informations de sant\u00e9, vos convictions religieuses ou votre origine raciale et ethnique (pas votre nationalit\u00e9).<\/p>\n\n\n\n<p>La collecte d&rsquo;informations vous concernant dans le cadre du processus de recrutement a pour but d&rsquo;\u00e9valuer si vous \u00eates un candidat appropri\u00e9 pour un poste chez nous.<\/p>\n\n\n\n<p>Nous traitons vos informations sur la base des fondements juridiques suivants:<br>&#8211; Notre int\u00e9r\u00eat l\u00e9gitime \u00e0 \u00e9valuer vos qualifications, (cf. GDPR art. 6(1)(f))<br>&#8211; Traitement de votre num\u00e9ro d&rsquo;identification national si vous l&rsquo;avez joint \u00e0 votre candidature\/CV. Nous ne traitons votre num\u00e9ro d&rsquo;identification national que pour d\u00e9fendre ou exercer une action en justice (cf. loi danoise sur la protection des donn\u00e9es, article 11, section 2, n\u00b0 4, cf. article 7, section 2, n\u00b0 4, cf. article 7, section 2, n\u00b0 4). 4, cf. \u00a7 7, section 1 &amp; GDPR art. 9(2)(f)<\/p>\n\n\n\n<p>Si vous nous envoyez des cat\u00e9gories sp\u00e9ciales d&rsquo;informations personnelles, nous les traiterons sur la base juridique suivante:<br>&#8211; Entit\u00e9s priv\u00e9es: un int\u00e9r\u00eat l\u00e9gitime, qui est l&rsquo;int\u00e9r\u00eat des deux parties \u00e0 \u00e9valuer la coop\u00e9ration future<br>(cf. GDPR art. 6(1)(f)) et \u00e0 l&rsquo;exercice ou \u00e0 la d\u00e9fense d&rsquo;un droit juridique (cf. GDPR art. 9(2)(f))<\/p>\n\n\n\n<p>Nous conservons votre candidature, y compris les pi\u00e8ces jointes, jusqu&rsquo;\u00e0 6 mois apr\u00e8s la fin du processus de recrutement, apr\u00e8s quoi vos informations seront supprim\u00e9es. L&rsquo;objectif de la conservation au-del\u00e0 de la fin du processus est de sauvegarder nos int\u00e9r\u00eats en cas de plaintes pour discrimination, etc. au cours du processus de recrutement.<\/p>\n\n\n\n<p>Nous conservons les candidatures spontan\u00e9es, y compris les pi\u00e8ces jointes, pendant une p\u00e9riode maximale de six mois, apr\u00e8s quoi elles sont supprim\u00e9es. Si nous souhaitons conserver votre candidature plus longtemps, nous vous demanderons votre accord. <\/p>\n\n\n\n<p>Si nous estimons que votre candidature est pertinente pour un \u00e9ventuel poste futur, nous ne la conserverons qu&rsquo;apr\u00e8s avoir obtenu votre consentement (cf. article 6, paragraphe 1, point a), du RGPD). 6(1)(a)). <\/p>\n\n\n\n<h2 class=\"wp-block-heading\">Transfert de vos informations  <\/h2>\n\n\n\n<p>Nous faisons appel \u00e0 des tiers pour stocker et traiter les informations. Lorsque nous faisons appel \u00e0 des sous-traitants, nous veillons \u00e0 mettre en place des accords de traitement des donn\u00e9es. Ainsi, ils ne traiteront vos informations qu&rsquo;en notre nom et ne les utiliseront pas \u00e0 leurs propres fins.  <\/p>\n\n\n\n<p>Nous donnons la priorit\u00e9 aux sous-traitants de l&rsquo;UE et des pays tiers approuv\u00e9s par la Commission europ\u00e9enne en ce qui concerne le niveau ad\u00e9quat de protection des donn\u00e9es personnelles, cf. GDPR art. 45.   <\/p>\n\n\n\n<p>Nous pouvons partager vos donn\u00e9es personnelles (telles que l&rsquo;adresse IP, les pages visit\u00e9es et les donn\u00e9es comportementales) avec des fournisseurs de services d&rsquo;analyse web et d&rsquo;identification de prospects qui nous aident \u00e0 analyser le trafic du site web et \u00e0 identifier les visiteurs int\u00e9ress\u00e9s par nos produits et services.<\/p>\n\n\n\n<p>Le cas \u00e9ch\u00e9ant, vos informations peuvent \u00eatre communiqu\u00e9es \u00e0 d&rsquo;autres responsables du traitement des donn\u00e9es, par exemple les banques, les soci\u00e9t\u00e9s de recouvrement, les transporteurs ou l&rsquo;agence pour l&#8217;emploi.<\/p>\n\n\n\n<p>Aucune information mobile ne sera communiqu\u00e9e \u00e0 des tiers\/affili\u00e9s \u00e0 des fins de marketing\/promotion. Toutes les cat\u00e9gories ci-dessus excluent les donn\u00e9es et le consentement de l&rsquo;exp\u00e9diteur de la messagerie textuelle ; ces informations ne seront pas partag\u00e9es avec des tiers. <\/p>\n\n\n\n<h2 class=\"wp-block-heading\">Transfert d&rsquo;informations vers des pays tiers<\/h2>\n\n\n\n<p>Nous faisons appel \u00e0 des sous-traitants dans des pays tiers peu s\u00fbrs. Lorsque la l\u00e9gislation de ces pays tiers n&rsquo;offre pas la m\u00eame protection des informations personnelles que celle de l&rsquo;UE, nous avons une responsabilit\u00e9 accrue pour assurer la protection de vos informations.   <\/p>\n\n\n\n<p>Vos informations personnelles peuvent \u00eatre transf\u00e9r\u00e9es \u00e0 des destinataires aux \u00c9tats-Unis sur la base de l&rsquo;accord UE-\u00c9tats-Unis sur la protection des donn\u00e9es. ou aux \u00c9tats-Unis sur la base des clauses contractuelles types de la Commission europ\u00e9enne (cf. GDPR art. 46(2)(c)). Si vous souhaitez en savoir plus sur les m\u00e9canismes de transfert qui s&rsquo;appliquent \u00e0 vos informations, vous pouvez nous contacter pour obtenir de plus amples informations et de la documentation.<\/p>\n\n\n\n<h2 class=\"wp-block-heading\">Vos droits<\/h2>\n\n\n\n<p>En nous contactant au point de contact en haut de la page, vous pouvez:<\/p>\n\n\n\n<p>&#8211; Avoir un aper\u00e7u des informations personnelles que nous d\u00e9tenons \u00e0 votre sujet<br>&#8211; rectifier toute information personnelle erron\u00e9e<br>&#8211; faire effacer vos informations personnelles<br>&#8211; faire restreindre le traitement de vos informations personnelles<br>&#8211; recevoir une copie de vos informations personnelles (portabilit\u00e9 des donn\u00e9es) dans le but de les transf\u00e9rer \u00e0 un autre responsable du traitement des donn\u00e9es<br>&#8211; s&rsquo;opposer au traitement.<\/p>\n\n\n\n<p>Lorsque vous nous donnez votre consentement pour le traitement, celui-ci est volontaire. Il n&rsquo;y aura aucune cons\u00e9quence pour vous si vous ne donnez pas votre consentement, si vous ne consentez qu&rsquo;\u00e0 certains \u00e9l\u00e9ments ou si vous retirez ult\u00e9rieurement votre consentement. <\/p>\n\n\n\n<p>Vous pouvez retirer votre consentement \u00e0 tout moment en vous adressant au point de contact indiqu\u00e9 en haut de la page.<\/p>\n\n\n\n<p>Lorsque vous nous contactez pour demander l&rsquo;exercice des droits susmentionn\u00e9s, nous vous r\u00e9pondons dans un d\u00e9lai d&rsquo;un mois. Si nous ne pouvons pas donner suite \u00e0 votre demande, nous vous en expliquerons les raisons. <\/p>\n\n\n\n<p>Pour exercer vos droits, ou si vous avez des questions sur le traitement de vos informations, vous pouvez toujours nous contacter. Vous trouverez nos coordonn\u00e9es en haut de la page.   <\/p>\n\n\n\n<p>Si, apr\u00e8s avoir pris contact, vous n&rsquo;\u00eates pas satisfait de la mani\u00e8re dont nous traitons vos informations, vous avez le droit de d\u00e9poser une plainte aupr\u00e8s de <a href=\"http:\/\/www.datatilsynet.dk\/\" rel=\"nofollow noopener\" target=\"_blank\">Datatilsynet<\/a>.<\/p>\n","protected":false},"excerpt":{"rendered":"<p>Caljan comprend l&rsquo;importance de la protection de vos donn\u00e9es personnelles. Caljan ne donnera ni ne vendra aucune information recueillie sur son site Web \u00e0 des tiers, sauf si la loi l&rsquo;exige. Toutes les informations re\u00e7ues de ce site sont destin\u00e9es \u00e0 l&rsquo;usage exclusif de Caljan.Cette politique, mise \u00e0 jour pour la derni\u00e8re fois en novembre [&hellip;]<\/p>\n","protected":false},"author":1,"featured_media":3220,"parent":0,"menu_order":0,"comment_status":"closed","ping_status":"closed","template":"","meta":{"_acf_changed":false},"class_list":["post-3217","page","type-page","status-publish","has-post-thumbnail","hentry"],"acf":[],"_links":{"self":[{"href":"https:\/\/caljan.com\/fr\/wp-json\/wp\/v2\/pages\/3217","targetHints":{"allow":["GET"]}}],"collection":[{"href":"https:\/\/caljan.com\/fr\/wp-json\/wp\/v2\/pages"}],"about":[{"href":"https:\/\/caljan.com\/fr\/wp-json\/wp\/v2\/types\/page"}],"author":[{"embeddable":true,"href":"https:\/\/caljan.com\/fr\/wp-json\/wp\/v2\/users\/1"}],"replies":[{"embeddable":true,"href":"https:\/\/caljan.com\/fr\/wp-json\/wp\/v2\/comments?post=3217"}],"version-history":[{"count":4,"href":"https:\/\/caljan.com\/fr\/wp-json\/wp\/v2\/pages\/3217\/revisions"}],"predecessor-version":[{"id":5925,"href":"https:\/\/caljan.com\/fr\/wp-json\/wp\/v2\/pages\/3217\/revisions\/5925"}],"wp:featuredmedia":[{"embeddable":true,"href":"https:\/\/caljan.com\/fr\/wp-json\/wp\/v2\/media\/3220"}],"wp:attachment":[{"href":"https:\/\/caljan.com\/fr\/wp-json\/wp\/v2\/media?parent=3217"}],"curies":[{"name":"wp","href":"https:\/\/api.w.org\/{rel}","templated":true}]}}