{"id":3192,"date":"2026-02-17T14:33:54","date_gmt":"2026-02-17T14:33:54","guid":{"rendered":"https:\/\/r98.c16.mytemp.website\/politique-en-matiere-de-cookies\/"},"modified":"2026-03-04T15:05:13","modified_gmt":"2026-03-04T15:05:13","slug":"politique-en-matiere-de-cookies","status":"publish","type":"page","link":"https:\/\/caljan.com\/fr\/politique-en-matiere-de-cookies\/","title":{"rendered":"Politique en mati\u00e8re de cookies"},"content":{"rendered":"\n<p>Ce site web utilise des cookies.<\/p>\n\n<p>Nous utilisons des cookies pour analyser notre trafic. Nous partageons \u00e9galement des informations sur votre utilisation de notre site avec nos partenaires de m\u00e9dias sociaux, de publicit\u00e9 et d&rsquo;analyse, qui peuvent les combiner avec d&rsquo;autres informations que vous leur avez fournies ou qu&rsquo;ils ont collect\u00e9es \u00e0 partir de votre utilisation de leurs services. <\/p>\n\n<p>Vous acceptez nos cookies si vous continuez \u00e0 utiliser notre site web.<\/p>\n\n<p>Les cookies sont de petits fichiers texte qui peuvent \u00eatre utilis\u00e9s par les sites web pour rendre l&rsquo;exp\u00e9rience de l&rsquo;utilisateur plus efficace.<\/p>\n\n<p>La loi stipule que nous pouvons stocker des cookies sur votre appareil s&rsquo;ils sont strictement n\u00e9cessaires au fonctionnement de ce site. Pour tous les autres types de cookies, nous avons besoin de votre autorisation. <br\/><br\/>Ce site utilise diff\u00e9rents types de cookies. Certains cookies sont plac\u00e9s par des services tiers qui apparaissent sur nos pages. <br\/><br\/>Vous pouvez \u00e0 tout moment modifier ou retirer votre consentement \u00e0 la d\u00e9claration de cookies sur notre site web.<br\/><br\/>Pour en savoir plus sur qui nous sommes, comment vous pouvez nous contacter et comment nous traitons les donn\u00e9es personnelles, consultez notre politique de confidentialit\u00e9.<\/p>\n\n<h3 class=\"wp-block-heading\">D\u00e9claration de Cookiebot<\/h3>\n\n<p>Votre vie priv\u00e9e nous tient \u00e0 c\u0153ur. Notre site utilise des cookies pour am\u00e9liorer votre exp\u00e9rience de navigation, vous proposer des publicit\u00e9s ou des contenus personnalis\u00e9s et analyser notre trafic. Vous pouvez donner votre accord \u00e0 toutes les fins ou \u00e0 certaines d&rsquo;entre elles, ou vous pouvez les refuser toutes. En cliquant sur Autoriser tout, vous acceptez nos cookies.   <\/p>\n\n<p>Les cookies sont de petits fichiers texte qui peuvent \u00eatre utilis\u00e9s par les sites web pour rendre l&rsquo;exp\u00e9rience de l&rsquo;utilisateur plus efficace.<br\/><br\/>La loi stipule que nous pouvons stocker des cookies sur votre appareil s&rsquo;ils sont strictement n\u00e9cessaires au fonctionnement de ce site. Pour tous les autres types de cookies, nous avons besoin de votre autorisation. <br\/><br\/>Ce site utilise diff\u00e9rents types de cookies. Certains cookies sont plac\u00e9s par des services tiers qui apparaissent sur nos pages. <br\/><br\/>Vous pouvez \u00e0 tout moment modifier ou retirer votre consentement \u00e0 la d\u00e9claration de cookies sur notre site web.<br\/><br\/>Pour en savoir plus sur qui nous sommes, comment vous pouvez nous contacter et comment nous traitons les donn\u00e9es personnelles, consultez notre politique de confidentialit\u00e9.<\/p>\n\n<p>Votre consentement s&rsquo;applique aux domaines suivants : www.caljan.com<\/p>\n\n<p>Votre \u00e9tat actuel : Autoriser tout.  <\/p>\n\n<p id=\"CookieDeclarationConsentIdAndDate\">Votre identifiant de consentement : Q5y+Yyt5kWxYCYD5yYHMu6x6IUK5ZQGc4njFM5LdGp\/dd3b4A6IH9A==Date de consentement : jeudi 29 janvier 2026 \u00e0 11:04:09 AM GMT+2<\/p>\n\n<p><a href=\"https:\/\/www.caljan.com\/our-company\/cookie-policy\/#\">Modifier votre consentement<\/a> | <a href=\"https:\/\/www.caljan.com\/our-company\/cookie-policy\/#\">Retirer votre consentement<\/a><\/p>\n\n<p>Derni\u00e8re mise \u00e0 jour de la d\u00e9claration de cookie le 23.01.26 par <a href=\"https:\/\/www.cookiebot.com\/\" target=\"_blank\" rel=\"noreferrer noopener nofollow\">Cookiebot<\/a>:<\/p>\n\n<p>N\u00e9cessaire (15)<\/p>\n\n<p>Les cookies n\u00e9cessaires contribuent \u00e0 rendre un site web utilisable en permettant des fonctions de base telles que la navigation sur les pages et l&rsquo;acc\u00e8s aux zones s\u00e9curis\u00e9es du site web. Le site web ne peut pas fonctionner correctement sans ces cookies. <\/p>\n\n<figure class=\"wp-block-table\"><table class=\"has-fixed-layout\"><thead><tr><th class=\"has-text-align-left\" data-align=\"left\">Nom<\/th><th class=\"has-text-align-left\" data-align=\"left\">Fournisseur<\/th><th class=\"has-text-align-left\" data-align=\"left\">Objectif<\/th><th class=\"has-text-align-left\" data-align=\"left\">Dur\u00e9e maximale de stockage<\/th><th class=\"has-text-align-left\" data-align=\"left\">Type<\/th><\/tr><\/thead><tbody><tr><td>Demande de cl\u00e9 de v\u00e9rification<\/td><td>caljan.com<\/td><td>Aide \u00e0 pr\u00e9venir les attaques de type Cross-Site Request Forgery (CSRF).<\/td><td>Session<\/td><td>Cookie HTTP<\/td><\/tr><tr><td>Test de partage de cookies<\/td><td><a target=\"_blank\" rel=\"noreferrer noopener nofollow\" href=\"https:\/\/sharethis.com\/privacy\/\">Sharethis<\/a><\/td><td>Ce cookie d\u00e9termine si le navigateur accepte les cookies.<\/td><td>Session<\/td><td>Cookie HTTP<\/td><\/tr><tr><td>_cfuvid<\/td><td>zoominfo.com<\/td><td>Ce cookie fait partie des services fournis par Cloudflare &#8211; y compris l&rsquo;\u00e9quilibrage de la charge, la livraison du contenu du site web et le service de connexion DNS pour les op\u00e9rateurs de sites web.<\/td><td>Session<\/td><td>Cookie HTTP<\/td><\/tr><tr><td>_grecaptcha<\/td><td><a target=\"_blank\" rel=\"noreferrer noopener nofollow\" href=\"https:\/\/business.safety.google\/privacy\/\">Google<\/a><\/td><td>Ce cookie est utilis\u00e9 pour faire la distinction entre les humains et les robots. Cette distinction est utile au site web pour \u00e9tablir des rapports valables sur l&rsquo;utilisation de son site. <\/td><td>Persistant<\/td><td>Stockage local HTML<\/td><\/tr><tr><td>GRECAPTCHA<\/td><td><a target=\"_blank\" rel=\"noreferrer noopener nofollow\" href=\"https:\/\/business.safety.google\/privacy\/\">Google<\/a><\/td><td>Ce cookie est utilis\u00e9 pour faire la distinction entre les humains et les robots. Cette distinction est utile au site web pour \u00e9tablir des rapports valables sur l&rsquo;utilisation de son site. <\/td><td>180 jours<\/td><td>Cookie HTTP<\/td><\/tr><tr><td>ASP.NET_SessionId<\/td><td>caljan.com<\/td><td>Pr\u00e9serve l&rsquo;\u00e9tat de la session du visiteur \u00e0 travers les requ\u00eates de page.<\/td><td>Session<\/td><td>Cookie HTTP<\/td><\/tr><tr><td>bcookie<\/td><td><a target=\"_blank\" rel=\"noreferrer noopener nofollow\" href=\"https:\/\/www.linkedin.com\/legal\/privacy-policy\">LinkedIn<\/a><\/td><td>Utilis\u00e9 pour d\u00e9tecter les spams et am\u00e9liorer la s\u00e9curit\u00e9 du site web.<\/td><td>1 an<\/td><td>Cookie HTTP<\/td><\/tr><tr><td>CookieConsent<\/td><td><a target=\"_blank\" rel=\"noreferrer noopener nofollow\" href=\"https:\/\/www.cookiebot.com\/goto\/privacy-policy\/\">Cookiebot<\/a><\/td><td>Stocke l&rsquo;\u00e9tat du consentement de l&rsquo;utilisateur en mati\u00e8re de cookies pour le domaine actuel<\/td><td>1 an<\/td><td>Cookie HTTP<\/td><\/tr><tr><td>JSESSIONID<\/td><td><a target=\"_blank\" rel=\"noreferrer noopener nofollow\" href=\"https:\/\/www.zoho.com\/privacy.html\">Zoho<\/a><\/td><td>Pr\u00e9serve les \u00e9tats des utilisateurs \u00e0 travers les requ\u00eates de page.<\/td><td>Session<\/td><td>Cookie HTTP<\/td><\/tr><tr><td>li_gc<\/td><td><a target=\"_blank\" rel=\"noreferrer noopener nofollow\" href=\"https:\/\/www.linkedin.com\/legal\/privacy-policy\">LinkedIn<\/a><\/td><td>Stocke l&rsquo;\u00e9tat du consentement de l&rsquo;utilisateur en mati\u00e8re de cookies pour le domaine actuel<\/td><td>180 jours<\/td><td>Cookie HTTP<\/td><\/tr><tr><td>rc::a<\/td><td><a target=\"_blank\" rel=\"noreferrer noopener nofollow\" href=\"https:\/\/business.safety.google\/privacy\/\">Google<\/a><\/td><td>Ce cookie est utilis\u00e9 pour faire la distinction entre les humains et les robots. Cette distinction est utile au site web pour \u00e9tablir des rapports valables sur l&rsquo;utilisation de son site. <\/td><td>Persistant<\/td><td>Stockage local HTML<\/td><\/tr><tr><td>rc::b<\/td><td><a target=\"_blank\" rel=\"noreferrer noopener nofollow\" href=\"https:\/\/business.safety.google\/privacy\/\">Google<\/a><\/td><td>Ce cookie est utilis\u00e9 pour faire la distinction entre les humains et les robots.<\/td><td>Session<\/td><td>Stockage local HTML<\/td><\/tr><tr><td>rc::c<\/td><td><a target=\"_blank\" rel=\"noreferrer noopener nofollow\" href=\"https:\/\/business.safety.google\/privacy\/\">Google<\/a><\/td><td>Ce cookie est utilis\u00e9 pour faire la distinction entre les humains et les robots.<\/td><td>Session<\/td><td>Stockage local HTML<\/td><\/tr><tr><td>rc::f<\/td><td><a target=\"_blank\" rel=\"noreferrer noopener nofollow\" href=\"https:\/\/business.safety.google\/privacy\/\">Google<\/a><\/td><td>Ce cookie est utilis\u00e9 pour faire la distinction entre les humains et les robots.<\/td><td>Persistant<\/td><td>Stockage local HTML<\/td><\/tr><tr><td>zc_consentement<\/td><td><a target=\"_blank\" rel=\"noreferrer noopener nofollow\" href=\"https:\/\/www.zoho.com\/privacy.html\">Zoho<\/a><\/td><td>D\u00e9termine si l&rsquo;utilisateur a accept\u00e9 la bo\u00eete de consentement pour les cookies.<\/td><td>1 an<\/td><td>Cookie HTTP<\/td><\/tr><\/tbody><\/table><\/figure>\n\n<p>Pr\u00e9f\u00e9rences (1)<\/p>\n\n<p>Les cookies de pr\u00e9f\u00e9rence permettent \u00e0 un site web de m\u00e9moriser des informations qui modifient le comportement ou l&rsquo;apparence du site, comme votre langue pr\u00e9f\u00e9r\u00e9e ou la r\u00e9gion dans laquelle vous vous trouvez.<\/p>\n\n<figure class=\"wp-block-table\"><table class=\"has-fixed-layout\"><thead><tr><th class=\"has-text-align-left\" data-align=\"left\">Nom<\/th><th class=\"has-text-align-left\" data-align=\"left\">Fournisseur<\/th><th class=\"has-text-align-left\" data-align=\"left\">Objectif<\/th><th class=\"has-text-align-left\" data-align=\"left\">Dur\u00e9e maximale de stockage<\/th><th class=\"has-text-align-left\" data-align=\"left\">Type<\/th><\/tr><\/thead><tbody><tr><td>lidc<\/td><td><a target=\"_blank\" rel=\"noreferrer noopener nofollow\" href=\"https:\/\/www.linkedin.com\/legal\/privacy-policy\">LinkedIn<\/a><\/td><td>Enregistre la grappe de serveurs qui dessert le visiteur. Cette information est utilis\u00e9e dans le cadre de l&rsquo;\u00e9quilibrage de la charge, afin d&rsquo;optimiser l&rsquo;exp\u00e9rience de l&rsquo;utilisateur. <\/td><td>1 jour<\/td><td>Cookie HTTP<\/td><\/tr><\/tbody><\/table><\/figure>\n\n<p>Statistiques (4)<\/p>\n\n<p>Les cookies statistiques aident les propri\u00e9taires de sites web \u00e0 comprendre comment les visiteurs interagissent avec les sites web en collectant et en rapportant des informations de mani\u00e8re anonyme.<\/p>\n\n<figure class=\"wp-block-table\"><table class=\"has-fixed-layout\"><thead><tr><th class=\"has-text-align-left\" data-align=\"left\">Nom<\/th><th class=\"has-text-align-left\" data-align=\"left\">Fournisseur<\/th><th class=\"has-text-align-left\" data-align=\"left\">Objectif<\/th><th class=\"has-text-align-left\" data-align=\"left\">Dur\u00e9e maximale de stockage<\/th><th class=\"has-text-align-left\" data-align=\"left\">Type<\/th><\/tr><\/thead><tbody><tr><td>ZCAMPAIGN_CSRF_TOKEN [x2]<\/td><td><a target=\"_blank\" rel=\"noreferrer noopener nofollow\" href=\"https:\/\/www.zoho.com\/privacy.html\">Zoho<\/a><\/td><td>Ce cookie est utilis\u00e9 pour faire la distinction entre les humains et les robots. Cette distinction est utile au site web pour \u00e9tablir des rapports valables sur l&rsquo;utilisation de son site. <\/td><td>Session<\/td><td>Cookie HTTP<\/td><\/tr><tr><td>ziwsSession<\/td><td>www.caljan.com<\/td><td>Collecte de statistiques sur les visites de l&rsquo;utilisateur sur le site web, telles que le nombre de visites, le temps moyen pass\u00e9 sur le site web et les pages qui ont \u00e9t\u00e9 lues.<\/td><td>Session<\/td><td>Stockage local HTML<\/td><\/tr><tr><td>ziwsSessionId<\/td><td>www.caljan.com<\/td><td>Collecte de statistiques sur les visites de l&rsquo;utilisateur sur le site web, telles que le nombre de visites, le temps moyen pass\u00e9 sur le site web et les pages qui ont \u00e9t\u00e9 lues.<\/td><td>Session<\/td><td>Stockage local HTML<\/td><\/tr><\/tbody><\/table><\/figure>\n\n<p>Marketing (24)<\/p>\n\n<p>Les cookies marketing sont utilis\u00e9s pour suivre les visiteurs sur les sites web. L&rsquo;objectif est d&rsquo;afficher des publicit\u00e9s pertinentes et attrayantes pour l&rsquo;utilisateur individuel et donc plus int\u00e9ressantes pour les \u00e9diteurs et les annonceurs tiers. <\/p>\n\n<figure class=\"wp-block-table\"><table class=\"has-fixed-layout\"><thead><tr><th class=\"has-text-align-left\" data-align=\"left\">Nom<\/th><th class=\"has-text-align-left\" data-align=\"left\">Fournisseur<\/th><th class=\"has-text-align-left\" data-align=\"left\">Objectif<\/th><th class=\"has-text-align-left\" data-align=\"left\">Dur\u00e9e maximale de stockage<\/th><th class=\"has-text-align-left\" data-align=\"left\">Type<\/th><\/tr><\/thead><tbody><tr><td>__Secure-ROLLOUT_TOKEN<\/td><td><a target=\"_blank\" rel=\"noreferrer noopener nofollow\" href=\"https:\/\/business.safety.google\/privacy\/\">YouTube<\/a><\/td><td>Utilis\u00e9 pour suivre l&rsquo;interaction de l&rsquo;utilisateur avec le contenu int\u00e9gr\u00e9.<\/td><td>180 jours<\/td><td>Cookie HTTP<\/td><\/tr><tr><td>S\u00e9curitaire-YEC<\/td><td><a target=\"_blank\" rel=\"noreferrer noopener nofollow\" href=\"https:\/\/business.safety.google\/privacy\/\">YouTube<\/a><\/td><td>Enregistre les pr\u00e9f\u00e9rences de l&rsquo;utilisateur en mati\u00e8re de lecteur vid\u00e9o \u00e0 l&rsquo;aide d&rsquo;une vid\u00e9o YouTube int\u00e9gr\u00e9e.<\/td><td>Session<\/td><td>Cookie HTTP<\/td><\/tr><tr><td>__Secure-YNID<\/td><td><a target=\"_blank\" rel=\"noreferrer noopener nofollow\" href=\"https:\/\/business.safety.google\/privacy\/\">YouTube<\/a><\/td><td>En attente<\/td><td>180 jours<\/td><td>Cookie HTTP<\/td><\/tr><tr><td>_fbp<\/td><td><a target=\"_blank\" rel=\"noreferrer noopener nofollow\" href=\"https:\/\/www.facebook.com\/policy.php\/\">Meta Platforms, Inc.<\/a><\/td><td>Utilis\u00e9 par Facebook pour fournir une s\u00e9rie de produits publicitaires tels que des ench\u00e8res en temps r\u00e9el de la part d&rsquo;annonceurs tiers.<\/td><td>3 mois<\/td><td>Cookie HTTP<\/td><\/tr><tr><td>_ga<\/td><td><a target=\"_blank\" rel=\"noreferrer noopener nofollow\" href=\"https:\/\/business.safety.google\/privacy\/\">Google<\/a><\/td><td>Utilis\u00e9 pour envoyer des donn\u00e9es \u00e0 Google Analytics sur l&rsquo;appareil et le comportement du visiteur. Permet de suivre le visiteur \u00e0 travers les appareils et les canaux de marketing. <\/td><td>2 ans<\/td><td>Cookie HTTP<\/td><\/tr><tr><td>_ga_#<\/td><td><a target=\"_blank\" rel=\"noreferrer noopener nofollow\" href=\"https:\/\/business.safety.google\/privacy\/\">Google<\/a><\/td><td>Utilis\u00e9 pour envoyer des donn\u00e9es \u00e0 Google Analytics sur l&rsquo;appareil et le comportement du visiteur. Permet de suivre le visiteur \u00e0 travers les appareils et les canaux de marketing. <\/td><td>2 ans<\/td><td>Cookie HTTP<\/td><\/tr><tr><td>CL\u00c9 DE L&rsquo;ENTR\u00c9E DU DERNIER R\u00c9SULTAT<\/td><td><a target=\"_blank\" rel=\"noreferrer noopener nofollow\" href=\"https:\/\/business.safety.google\/privacy\/\">YouTube<\/a><\/td><td>Utilis\u00e9 pour suivre l&rsquo;interaction de l&rsquo;utilisateur avec le contenu int\u00e9gr\u00e9.<\/td><td>Session<\/td><td>Cookie HTTP<\/td><\/tr><tr><td>lastExternalReferrer<\/td><td><a target=\"_blank\" rel=\"noreferrer noopener nofollow\" href=\"https:\/\/www.facebook.com\/policy.php\/\">Meta Platforms, Inc.<\/a><\/td><td>D\u00e9termine comment l&rsquo;utilisateur a acc\u00e9d\u00e9 au site web en enregistrant sa derni\u00e8re adresse URL.<\/td><td>Persistant<\/td><td>Stockage local HTML<\/td><\/tr><tr><td>Derni\u00e8re heure de r\u00e9f\u00e9rence externe<\/td><td><a target=\"_blank\" rel=\"noreferrer noopener nofollow\" href=\"https:\/\/www.facebook.com\/policy.php\/\">Meta Platforms, Inc.<\/a><\/td><td>D\u00e9termine comment l&rsquo;utilisateur a acc\u00e9d\u00e9 au site web en enregistrant sa derni\u00e8re adresse URL.<\/td><td>Persistant<\/td><td>Stockage local HTML<\/td><\/tr><tr><td>LogsDatabaseV2:V#||LogsRequestsStore<\/td><td><a target=\"_blank\" rel=\"noreferrer noopener nofollow\" href=\"https:\/\/business.safety.google\/privacy\/\">YouTube<\/a><\/td><td>Utilis\u00e9 pour suivre l&rsquo;interaction de l&rsquo;utilisateur avec le contenu int\u00e9gr\u00e9.<\/td><td>Persistant<\/td><td>IndexedDB<\/td><\/tr><tr><td>remote_sid<\/td><td><a target=\"_blank\" rel=\"noreferrer noopener nofollow\" href=\"https:\/\/business.safety.google\/privacy\/\">YouTube<\/a><\/td><td>N\u00e9cessaire \u00e0 la mise en \u0153uvre et \u00e0 la fonctionnalit\u00e9 du contenu vid\u00e9o de YouTube sur le site web.<\/td><td>Session<\/td><td>Cookie HTTP<\/td><\/tr><tr><td>TESTCOOKIESENABLED<\/td><td><a target=\"_blank\" rel=\"noreferrer noopener nofollow\" href=\"https:\/\/business.safety.google\/privacy\/\">YouTube<\/a><\/td><td>Utilis\u00e9 pour suivre l&rsquo;interaction de l&rsquo;utilisateur avec le contenu int\u00e9gr\u00e9.<\/td><td>1 jour<\/td><td>Cookie HTTP<\/td><\/tr><tr><td>VISITOR_INFO1_LIVE<\/td><td><a target=\"_blank\" rel=\"noreferrer noopener nofollow\" href=\"https:\/\/business.safety.google\/privacy\/\">YouTube<\/a><\/td><td>Tente d&rsquo;estimer la bande passante des utilisateurs sur les pages contenant des vid\u00e9os YouTube int\u00e9gr\u00e9es.<\/td><td>180 jours<\/td><td>Cookie HTTP<\/td><\/tr><tr><td>CSY<\/td><td><a target=\"_blank\" rel=\"noreferrer noopener nofollow\" href=\"https:\/\/business.safety.google\/privacy\/\">YouTube<\/a><\/td><td>Enregistre un identifiant unique afin de conserver des statistiques sur les vid\u00e9os de YouTube que l&rsquo;utilisateur a vues.<\/td><td>Session<\/td><td>Cookie HTTP<\/td><\/tr><tr><td>ytidb::LAST_RESULT_ENTRY_KEY<\/td><td><a target=\"_blank\" rel=\"noreferrer noopener nofollow\" href=\"https:\/\/business.safety.google\/privacy\/\">YouTube<\/a><\/td><td>Utilis\u00e9 pour suivre l&rsquo;interaction de l&rsquo;utilisateur avec le contenu int\u00e9gr\u00e9.<\/td><td>Persistant<\/td><td>Stockage local HTML<\/td><\/tr><tr><td>YtIdbMeta#bases de donn\u00e9es<\/td><td><a target=\"_blank\" rel=\"noreferrer noopener nofollow\" href=\"https:\/\/business.safety.google\/privacy\/\">YouTube<\/a><\/td><td>Utilis\u00e9 pour suivre l&rsquo;interaction de l&rsquo;utilisateur avec le contenu int\u00e9gr\u00e9.<\/td><td>Persistant<\/td><td>IndexedDB<\/td><\/tr><tr><td>yt-remote-cast-available<\/td><td><a target=\"_blank\" rel=\"noreferrer noopener nofollow\" href=\"https:\/\/business.safety.google\/privacy\/\">YouTube<\/a><\/td><td>Enregistre les pr\u00e9f\u00e9rences de l&rsquo;utilisateur en mati\u00e8re de lecteur vid\u00e9o \u00e0 l&rsquo;aide d&rsquo;une vid\u00e9o YouTube int\u00e9gr\u00e9e.<\/td><td>Session<\/td><td>Stockage local HTML<\/td><\/tr><tr><td>yt-remote-cast-installed<\/td><td><a target=\"_blank\" rel=\"noreferrer noopener nofollow\" href=\"https:\/\/business.safety.google\/privacy\/\">YouTube<\/a><\/td><td>Enregistre les pr\u00e9f\u00e9rences de l&rsquo;utilisateur en mati\u00e8re de lecteur vid\u00e9o \u00e0 l&rsquo;aide d&rsquo;une vid\u00e9o YouTube int\u00e9gr\u00e9e.<\/td><td>Session<\/td><td>Stockage local HTML<\/td><\/tr><tr><td>yt-remote-connected-devices<\/td><td><a target=\"_blank\" rel=\"noreferrer noopener nofollow\" href=\"https:\/\/business.safety.google\/privacy\/\">YouTube<\/a><\/td><td>Enregistre les pr\u00e9f\u00e9rences de l&rsquo;utilisateur en mati\u00e8re de lecteur vid\u00e9o \u00e0 l&rsquo;aide d&rsquo;une vid\u00e9o YouTube int\u00e9gr\u00e9e.<\/td><td>Persistant<\/td><td>Stockage local HTML<\/td><\/tr><tr><td>yt-remote-device-id<\/td><td><a target=\"_blank\" rel=\"noreferrer noopener nofollow\" href=\"https:\/\/business.safety.google\/privacy\/\">YouTube<\/a><\/td><td>Enregistre les pr\u00e9f\u00e9rences de l&rsquo;utilisateur en mati\u00e8re de lecteur vid\u00e9o \u00e0 l&rsquo;aide d&rsquo;une vid\u00e9o YouTube int\u00e9gr\u00e9e.<\/td><td>Persistant<\/td><td>Stockage local HTML<\/td><\/tr><tr><td>yt-remote-fast-check-period<\/td><td><a target=\"_blank\" rel=\"noreferrer noopener nofollow\" href=\"https:\/\/business.safety.google\/privacy\/\">YouTube<\/a><\/td><td>Enregistre les pr\u00e9f\u00e9rences de l&rsquo;utilisateur en mati\u00e8re de lecteur vid\u00e9o \u00e0 l&rsquo;aide d&rsquo;une vid\u00e9o YouTube int\u00e9gr\u00e9e.<\/td><td>Session<\/td><td>Stockage local HTML<\/td><\/tr><tr><td>yt-remote-session-app<\/td><td><a target=\"_blank\" rel=\"noreferrer noopener nofollow\" href=\"https:\/\/business.safety.google\/privacy\/\">YouTube<\/a><\/td><td>Enregistre les pr\u00e9f\u00e9rences de l&rsquo;utilisateur en mati\u00e8re de lecteur vid\u00e9o \u00e0 l&rsquo;aide d&rsquo;une vid\u00e9o YouTube int\u00e9gr\u00e9e.<\/td><td>Session<\/td><td>Stockage local HTML<\/td><\/tr><tr><td>yt-remote-session-name<\/td><td><a target=\"_blank\" rel=\"noreferrer noopener nofollow\" href=\"https:\/\/business.safety.google\/privacy\/\">YouTube<\/a><\/td><td>Enregistre les pr\u00e9f\u00e9rences de l&rsquo;utilisateur en mati\u00e8re de lecteur vid\u00e9o \u00e0 l&rsquo;aide d&rsquo;une vid\u00e9o YouTube int\u00e9gr\u00e9e.<\/td><td>Session<\/td><td>Stockage local HTML<\/td><\/tr><tr><td>zc_show<\/td><td><a target=\"_blank\" rel=\"noreferrer noopener nofollow\" href=\"https:\/\/www.zoho.com\/privacy.html\">Zoho<\/a><\/td><td>Collecte des donn\u00e9es sur les pr\u00e9f\u00e9rences et le comportement des visiteurs sur le site web &#8211; Ces informations sont utilis\u00e9es pour rendre le contenu et la publicit\u00e9 plus pertinents pour le visiteur sp\u00e9cifique.<\/td><td>1 an<\/td><td>Cookie HTTP<\/td><\/tr><\/tbody><\/table><\/figure>\n\n<p>Non class\u00e9 (5)<\/p>\n\n<p>Les cookies non classifi\u00e9s sont des cookies que nous sommes en train de classifier, en collaboration avec les fournisseurs de cookies individuels.<\/p>\n\n<figure class=\"wp-block-table\"><table class=\"has-fixed-layout\"><thead><tr><th class=\"has-text-align-left\" data-align=\"left\">Nom<\/th><th class=\"has-text-align-left\" data-align=\"left\">Fournisseur<\/th><th class=\"has-text-align-left\" data-align=\"left\">Objectif<\/th><th class=\"has-text-align-left\" data-align=\"left\">Dur\u00e9e maximale de stockage<\/th><th class=\"has-text-align-left\" data-align=\"left\">Type<\/th><\/tr><\/thead><tbody><tr><td>_zitok<\/td><td><a target=\"_blank\" rel=\"noreferrer noopener nofollow\" href=\"https:\/\/www.zoominfo.com\/legal\/privacy-policy\">ZoomInfo<\/a><\/td><td>En attente<\/td><td>1 an<\/td><td>Cookie HTTP<\/td><\/tr><tr><td>unifiedScriptVerified<\/td><td>www.caljan.com<\/td><td>En attente<\/td><td>Session<\/td><td>Stockage local HTML<\/td><\/tr><tr><td>zalb_# [x2]<\/td><td><a target=\"_blank\" rel=\"noreferrer noopener nofollow\" href=\"https:\/\/www.zoho.com\/privacy.html\">Zoho<\/a><\/td><td>En attente<\/td><td>Session<\/td><td>Cookie HTTP<\/td><\/tr><tr><td>ziScriptSession<\/td><td><a target=\"_blank\" rel=\"noreferrer noopener nofollow\" href=\"https:\/\/www.zoominfo.com\/legal\/privacy-policy\">ZoomInfo<\/a><\/td><td>En attente<\/td><td>Session<\/td><td>Stockage local HTML<\/td><\/tr><\/tbody><\/table><\/figure>\n","protected":false},"excerpt":{"rendered":"<p>D\u00e9couvrez comment Caljan utilise les cookies pour am\u00e9liorer les performances de son site Web, optimiser votre exp\u00e9rience de navigation et fournir un contenu pertinent tout en prot\u00e9geant votre vie priv\u00e9e.<\/p>\n","protected":false},"author":1,"featured_media":3531,"parent":0,"menu_order":0,"comment_status":"closed","ping_status":"closed","template":"","meta":{"_acf_changed":false},"class_list":["post-3192","page","type-page","status-publish","has-post-thumbnail","hentry"],"acf":[],"_links":{"self":[{"href":"https:\/\/caljan.com\/fr\/wp-json\/wp\/v2\/pages\/3192","targetHints":{"allow":["GET"]}}],"collection":[{"href":"https:\/\/caljan.com\/fr\/wp-json\/wp\/v2\/pages"}],"about":[{"href":"https:\/\/caljan.com\/fr\/wp-json\/wp\/v2\/types\/page"}],"author":[{"embeddable":true,"href":"https:\/\/caljan.com\/fr\/wp-json\/wp\/v2\/users\/1"}],"replies":[{"embeddable":true,"href":"https:\/\/caljan.com\/fr\/wp-json\/wp\/v2\/comments?post=3192"}],"version-history":[{"count":5,"href":"https:\/\/caljan.com\/fr\/wp-json\/wp\/v2\/pages\/3192\/revisions"}],"predecessor-version":[{"id":5005,"href":"https:\/\/caljan.com\/fr\/wp-json\/wp\/v2\/pages\/3192\/revisions\/5005"}],"wp:featuredmedia":[{"embeddable":true,"href":"https:\/\/caljan.com\/fr\/wp-json\/wp\/v2\/media\/3531"}],"wp:attachment":[{"href":"https:\/\/caljan.com\/fr\/wp-json\/wp\/v2\/media?parent=3192"}],"curies":[{"name":"wp","href":"https:\/\/api.w.org\/{rel}","templated":true}]}}