{"id":3177,"date":"2026-01-05T13:15:26","date_gmt":"2026-01-05T13:15:26","guid":{"rendered":"https:\/\/r98.c16.mytemp.website\/pieces-detachees\/"},"modified":"2026-04-10T13:46:11","modified_gmt":"2026-04-10T13:46:11","slug":"pieces-detachees","status":"publish","type":"page","link":"https:\/\/caljan.com\/fr\/service\/pieces-detachees\/","title":{"rendered":"Pi\u00e8ces d\u00e9tach\u00e9es"},"content":{"rendered":"","protected":false},"excerpt":{"rendered":"","protected":false},"author":2,"featured_media":3179,"parent":3299,"menu_order":0,"comment_status":"closed","ping_status":"closed","template":"templates\/flexible-page.php","meta":{"_acf_changed":false},"class_list":["post-3177","page","type-page","status-publish","has-post-thumbnail","hentry"],"acf":[],"_links":{"self":[{"href":"https:\/\/caljan.com\/fr\/wp-json\/wp\/v2\/pages\/3177","targetHints":{"allow":["GET"]}}],"collection":[{"href":"https:\/\/caljan.com\/fr\/wp-json\/wp\/v2\/pages"}],"about":[{"href":"https:\/\/caljan.com\/fr\/wp-json\/wp\/v2\/types\/page"}],"author":[{"embeddable":true,"href":"https:\/\/caljan.com\/fr\/wp-json\/wp\/v2\/users\/2"}],"replies":[{"embeddable":true,"href":"https:\/\/caljan.com\/fr\/wp-json\/wp\/v2\/comments?post=3177"}],"version-history":[{"count":3,"href":"https:\/\/caljan.com\/fr\/wp-json\/wp\/v2\/pages\/3177\/revisions"}],"predecessor-version":[{"id":6003,"href":"https:\/\/caljan.com\/fr\/wp-json\/wp\/v2\/pages\/3177\/revisions\/6003"}],"up":[{"embeddable":true,"href":"https:\/\/caljan.com\/fr\/wp-json\/wp\/v2\/pages\/3299"}],"wp:featuredmedia":[{"embeddable":true,"href":"https:\/\/caljan.com\/fr\/wp-json\/wp\/v2\/media\/3179"}],"wp:attachment":[{"href":"https:\/\/caljan.com\/fr\/wp-json\/wp\/v2\/media?parent=3177"}],"curies":[{"name":"wp","href":"https:\/\/api.w.org\/{rel}","templated":true}]}}