{"id":3696,"date":"2026-02-17T14:33:54","date_gmt":"2026-02-17T14:33:54","guid":{"rendered":"https:\/\/r98.c16.mytemp.website\/cookie-richtlinie\/"},"modified":"2026-03-04T15:05:13","modified_gmt":"2026-03-04T15:05:13","slug":"cookie-richtlinie","status":"publish","type":"page","link":"https:\/\/caljan.com\/de\/cookie-richtlinie\/","title":{"rendered":"Cookie-Richtlinie"},"content":{"rendered":"\n<p>Diese Website verwendet Cookies.<\/p>\n\n<p>Wir verwenden Cookies, um unseren Datenverkehr zu analysieren. Wir geben auch Informationen \u00fcber Ihre Nutzung unserer Website an unsere Partner f\u00fcr soziale Medien, Werbung und Analysen weiter, die diese mit anderen Informationen kombinieren k\u00f6nnen, die Sie ihnen zur Verf\u00fcgung gestellt haben oder die sie aus Ihrer Nutzung ihrer Dienste gesammelt haben. <\/p>\n\n<p>Sie stimmen unseren Cookies zu, wenn Sie unsere Website weiter nutzen.<\/p>\n\n<p>Cookies sind kleine Textdateien, die von Websites verwendet werden k\u00f6nnen, um die Erfahrung eines Benutzers effizienter zu gestalten.<\/p>\n\n<p>Das Gesetz besagt, dass wir Cookies auf Ihrem Ger\u00e4t speichern d\u00fcrfen, wenn sie f\u00fcr den Betrieb dieser Website unbedingt erforderlich sind. F\u00fcr alle anderen Arten von Cookies ben\u00f6tigen wir Ihre Zustimmung. <br\/><br\/>Diese Website verwendet verschiedene Arten von Cookies. Einige Cookies werden von Diensten Dritter gesetzt, die auf unseren Seiten erscheinen. <br\/><br\/>Sie k\u00f6nnen Ihre Zustimmung jederzeit in der Cookie-Erkl\u00e4rung auf unserer Website \u00e4ndern oder widerrufen.<br\/><br\/>Erfahren Sie mehr dar\u00fcber, wer wir sind, wie Sie uns kontaktieren k\u00f6nnen und wie wir pers\u00f6nliche Daten verarbeiten, in unserer Datenschutzerkl\u00e4rung.<\/p>\n\n<h3 class=\"wp-block-heading\">Cookiebot Erkl\u00e4rung<\/h3>\n\n<p>Wir sch\u00e4tzen Ihre Privatsph\u00e4re. Unsere Website verwendet Cookies, um Ihr Browsing-Erlebnis zu verbessern, personalisierte Werbung oder Inhalte bereitzustellen und unsere Besucherzahlen zu analysieren. Sie k\u00f6nnen Ihre Zustimmung zu allen oder ausgew\u00e4hlten Zwecken erteilen oder alle ablehnen. Wenn Sie auf Alle zulassen klicken, erkl\u00e4ren Sie sich mit unseren Cookies einverstanden.   <\/p>\n\n<p>Cookies sind kleine Textdateien, die von Websites verwendet werden k\u00f6nnen, um die Erfahrung eines Benutzers effizienter zu gestalten.<br\/><br\/>Das Gesetz besagt, dass wir Cookies auf Ihrem Ger\u00e4t speichern d\u00fcrfen, wenn sie f\u00fcr den Betrieb dieser Website unbedingt erforderlich sind. F\u00fcr alle anderen Arten von Cookies ben\u00f6tigen wir Ihre Zustimmung. <br\/><br\/>Diese Website verwendet verschiedene Arten von Cookies. Einige Cookies werden von Diensten Dritter gesetzt, die auf unseren Seiten erscheinen. <br\/><br\/>Sie k\u00f6nnen Ihre Zustimmung jederzeit in der Cookie-Erkl\u00e4rung auf unserer Website \u00e4ndern oder widerrufen.<br\/><br\/>Erfahren Sie mehr dar\u00fcber, wer wir sind, wie Sie uns kontaktieren k\u00f6nnen und wie wir pers\u00f6nliche Daten verarbeiten, in unserer Datenschutzerkl\u00e4rung.<\/p>\n\n<p>Ihr Einverst\u00e4ndnis gilt f\u00fcr die folgenden Domains: www.caljan.com<\/p>\n\n<p>Ihr aktueller Stand: Alle zulassen.  <\/p>\n\n<p id=\"CookieDeclarationConsentIdAndDate\">Ihre Einwilligung ID: Q5y+Yyt5kWxYCYD5yYHMu6x6IUK5ZQGc4njFM5LdGp\/dd3b4A6IH9A==Zustimmungsdatum: Donnerstag, 29. Januar 2026 um 11:04:09 AM GMT+2<\/p>\n\n<p><a href=\"https:\/\/www.caljan.com\/our-company\/cookie-policy\/#\">\u00c4ndern Sie Ihre Zustimmung<\/a> | <a href=\"https:\/\/www.caljan.com\/our-company\/cookie-policy\/#\">Ziehen Sie Ihre Zustimmung zur\u00fcck<\/a><\/p>\n\n<p>Cookie-Erkl\u00e4rung zuletzt aktualisiert am 23.01.26 von <a href=\"https:\/\/www.cookiebot.com\/\" target=\"_blank\" rel=\"noreferrer noopener nofollow\">Cookiebot<\/a>:<\/p>\n\n<p>Notwendig (15)<\/p>\n\n<p>Notwendige Cookies helfen dabei, eine Website nutzbar zu machen, indem sie grundlegende Funktionen wie die Seitennavigation und den Zugang zu sicheren Bereichen der Website erm\u00f6glichen. Ohne diese Cookies kann die Website nicht richtig funktionieren. <\/p>\n\n<figure class=\"wp-block-table\"><table class=\"has-fixed-layout\"><thead><tr><th class=\"has-text-align-left\" data-align=\"left\">Name<\/th><th class=\"has-text-align-left\" data-align=\"left\">Anbieter<\/th><th class=\"has-text-align-left\" data-align=\"left\">Zweck<\/th><th class=\"has-text-align-left\" data-align=\"left\">Maximale Speicherdauer<\/th><th class=\"has-text-align-left\" data-align=\"left\">Typ<\/th><\/tr><\/thead><tbody><tr><td>__RequestVerificationToken<\/td><td>caljan.com<\/td><td>Hilft, Cross-Site Request Forgery (CSRF)-Angriffe zu verhindern.<\/td><td>Sitzung<\/td><td>HTTP-Cookie<\/td><\/tr><tr><td>__sharethis_cookie_test__<\/td><td><a target=\"_blank\" rel=\"noreferrer noopener nofollow\" href=\"https:\/\/sharethis.com\/privacy\/\">Sharethis<\/a><\/td><td>Dieses Cookie bestimmt, ob der Browser Cookies akzeptiert.<\/td><td>Sitzung<\/td><td>HTTP-Cookie<\/td><\/tr><tr><td>_cfuvid<\/td><td>zoominfo.de<\/td><td>Dieses Cookie ist Teil der von Cloudflare bereitgestellten Dienste &#8211; einschlie\u00dflich Load-Balancing, Bereitstellung von Website-Inhalten und Bereitstellung von DNS-Verbindungen f\u00fcr Website-Betreiber.<\/td><td>Sitzung<\/td><td>HTTP-Cookie<\/td><\/tr><tr><td>_grecaptcha<\/td><td><a target=\"_blank\" rel=\"noreferrer noopener nofollow\" href=\"https:\/\/business.safety.google\/privacy\/\">Google<\/a><\/td><td>Dieses Cookie wird verwendet, um zwischen Menschen und Bots zu unterscheiden. Dies ist f\u00fcr die Website von Vorteil, um valide Berichte \u00fcber die Nutzung ihrer Website zu erstellen. <\/td><td>Persistent<\/td><td>HTML Lokaler Speicher<\/td><\/tr><tr><td>_GRECAPTCHA<\/td><td><a target=\"_blank\" rel=\"noreferrer noopener nofollow\" href=\"https:\/\/business.safety.google\/privacy\/\">Google<\/a><\/td><td>Dieses Cookie wird verwendet, um zwischen Menschen und Bots zu unterscheiden. Dies ist f\u00fcr die Website von Vorteil, um valide Berichte \u00fcber die Nutzung ihrer Website zu erstellen. <\/td><td>180 Tage<\/td><td>HTTP-Cookie<\/td><\/tr><tr><td>ASP.NET_SessionId<\/td><td>caljan.com<\/td><td>Bewahrt den Sitzungsstatus des Besuchers \u00fcber Seitenaufrufe hinweg.<\/td><td>Sitzung<\/td><td>HTTP-Cookie<\/td><\/tr><tr><td>bcookie<\/td><td><a target=\"_blank\" rel=\"noreferrer noopener nofollow\" href=\"https:\/\/www.linkedin.com\/legal\/privacy-policy\">LinkedIn<\/a><\/td><td>Wird verwendet, um Spam zu erkennen und die Sicherheit der Website zu verbessern.<\/td><td>1 Jahr<\/td><td>HTTP-Cookie<\/td><\/tr><tr><td>CookieConsent<\/td><td><a target=\"_blank\" rel=\"noreferrer noopener nofollow\" href=\"https:\/\/www.cookiebot.com\/goto\/privacy-policy\/\">Cookiebot<\/a><\/td><td>Speichert den Status der Cookie-Zustimmung des Benutzers f\u00fcr die aktuelle Domain<\/td><td>1 Jahr<\/td><td>HTTP-Cookie<\/td><\/tr><tr><td>JSESSIONID<\/td><td><a target=\"_blank\" rel=\"noreferrer noopener nofollow\" href=\"https:\/\/www.zoho.com\/privacy.html\">Zoho<\/a><\/td><td>Bewahrt den Status des Benutzers \u00fcber Seitenaufrufe hinweg.<\/td><td>Sitzung<\/td><td>HTTP-Cookie<\/td><\/tr><tr><td>li_gc<\/td><td><a target=\"_blank\" rel=\"noreferrer noopener nofollow\" href=\"https:\/\/www.linkedin.com\/legal\/privacy-policy\">LinkedIn<\/a><\/td><td>Speichert den Status der Cookie-Zustimmung des Benutzers f\u00fcr die aktuelle Domain<\/td><td>180 Tage<\/td><td>HTTP-Cookie<\/td><\/tr><tr><td>rc::a<\/td><td><a target=\"_blank\" rel=\"noreferrer noopener nofollow\" href=\"https:\/\/business.safety.google\/privacy\/\">Google<\/a><\/td><td>Dieses Cookie wird verwendet, um zwischen Menschen und Bots zu unterscheiden. Dies ist f\u00fcr die Website von Vorteil, um valide Berichte \u00fcber die Nutzung ihrer Website zu erstellen. <\/td><td>Persistent<\/td><td>HTML Lokaler Speicher<\/td><\/tr><tr><td>rc::b<\/td><td><a target=\"_blank\" rel=\"noreferrer noopener nofollow\" href=\"https:\/\/business.safety.google\/privacy\/\">Google<\/a><\/td><td>Dieses Cookie wird verwendet, um zwischen Menschen und Bots zu unterscheiden.<\/td><td>Sitzung<\/td><td>HTML Lokaler Speicher<\/td><\/tr><tr><td>rc::c<\/td><td><a target=\"_blank\" rel=\"noreferrer noopener nofollow\" href=\"https:\/\/business.safety.google\/privacy\/\">Google<\/a><\/td><td>Dieses Cookie wird verwendet, um zwischen Menschen und Bots zu unterscheiden.<\/td><td>Sitzung<\/td><td>HTML Lokaler Speicher<\/td><\/tr><tr><td>rc::f<\/td><td><a target=\"_blank\" rel=\"noreferrer noopener nofollow\" href=\"https:\/\/business.safety.google\/privacy\/\">Google<\/a><\/td><td>Dieses Cookie wird verwendet, um zwischen Menschen und Bots zu unterscheiden.<\/td><td>Persistent<\/td><td>HTML Lokaler Speicher<\/td><\/tr><tr><td>zc_Zustimmung<\/td><td><a target=\"_blank\" rel=\"noreferrer noopener nofollow\" href=\"https:\/\/www.zoho.com\/privacy.html\">Zoho<\/a><\/td><td>Ermittelt, ob der Benutzer das Cookie-Einverst\u00e4ndnisfeld akzeptiert hat.<\/td><td>1 Jahr<\/td><td>HTTP-Cookie<\/td><\/tr><\/tbody><\/table><\/figure>\n\n<p>Vorlieben (1)<\/p>\n\n<p>Pr\u00e4ferenz-Cookies erm\u00f6glichen es einer Website, Informationen zu speichern, die das Verhalten oder das Aussehen der Website ver\u00e4ndern, z. B. Ihre bevorzugte Sprache oder die Region, in der Sie sich befinden.<\/p>\n\n<figure class=\"wp-block-table\"><table class=\"has-fixed-layout\"><thead><tr><th class=\"has-text-align-left\" data-align=\"left\">Name<\/th><th class=\"has-text-align-left\" data-align=\"left\">Anbieter<\/th><th class=\"has-text-align-left\" data-align=\"left\">Zweck<\/th><th class=\"has-text-align-left\" data-align=\"left\">Maximale Speicherdauer<\/th><th class=\"has-text-align-left\" data-align=\"left\">Typ<\/th><\/tr><\/thead><tbody><tr><td>lidc<\/td><td><a target=\"_blank\" rel=\"noreferrer noopener nofollow\" href=\"https:\/\/www.linkedin.com\/legal\/privacy-policy\">LinkedIn<\/a><\/td><td>Registriert den Server-Cluster, der den Besucher bedient. Dies wird im Zusammenhang mit dem Lastausgleich verwendet, um das Benutzererlebnis zu optimieren. <\/td><td>1 Tag<\/td><td>HTTP-Cookie<\/td><\/tr><\/tbody><\/table><\/figure>\n\n<p>Statistik (4)<\/p>\n\n<p>Statistik-Cookies helfen Website-Betreibern zu verstehen, wie Besucher mit Websites interagieren, indem sie Informationen anonym sammeln und melden.<\/p>\n\n<figure class=\"wp-block-table\"><table class=\"has-fixed-layout\"><thead><tr><th class=\"has-text-align-left\" data-align=\"left\">Name<\/th><th class=\"has-text-align-left\" data-align=\"left\">Anbieter<\/th><th class=\"has-text-align-left\" data-align=\"left\">Zweck<\/th><th class=\"has-text-align-left\" data-align=\"left\">Maximale Speicherdauer<\/th><th class=\"has-text-align-left\" data-align=\"left\">Typ<\/th><\/tr><\/thead><tbody><tr><td>ZCAMPAIGN_CSRF_TOKEN [x2]<\/td><td><a target=\"_blank\" rel=\"noreferrer noopener nofollow\" href=\"https:\/\/www.zoho.com\/privacy.html\">Zoho<\/a><\/td><td>Dieses Cookie wird verwendet, um zwischen Menschen und Bots zu unterscheiden. Dies ist f\u00fcr die Website von Vorteil, um valide Berichte \u00fcber die Nutzung ihrer Website zu erstellen. <\/td><td>Sitzung<\/td><td>HTTP-Cookie<\/td><\/tr><tr><td>ziwsSession<\/td><td>www.caljan.com<\/td><td>Sammelt Statistiken \u00fcber die Besuche des Benutzers auf der Website, wie z.B. die Anzahl der Besuche, die durchschnittliche Verweildauer auf der Website und welche Seiten gelesen wurden.<\/td><td>Sitzung<\/td><td>HTML Lokaler Speicher<\/td><\/tr><tr><td>ziwsSessionId<\/td><td>www.caljan.com<\/td><td>Sammelt Statistiken \u00fcber die Besuche des Benutzers auf der Website, wie z.B. die Anzahl der Besuche, die durchschnittliche Verweildauer auf der Website und welche Seiten gelesen wurden.<\/td><td>Sitzung<\/td><td>HTML Lokaler Speicher<\/td><\/tr><\/tbody><\/table><\/figure>\n\n<p>Marketing (24)<\/p>\n\n<p>Marketing-Cookies werden verwendet, um Besucher auf verschiedenen Websites zu verfolgen. Ziel ist es, Anzeigen zu schalten, die f\u00fcr den einzelnen Nutzer relevant und ansprechend sind und somit f\u00fcr Publisher und Drittanbieter wertvoller sind. <\/p>\n\n<figure class=\"wp-block-table\"><table class=\"has-fixed-layout\"><thead><tr><th class=\"has-text-align-left\" data-align=\"left\">Name<\/th><th class=\"has-text-align-left\" data-align=\"left\">Anbieter<\/th><th class=\"has-text-align-left\" data-align=\"left\">Zweck<\/th><th class=\"has-text-align-left\" data-align=\"left\">Maximale Speicherdauer<\/th><th class=\"has-text-align-left\" data-align=\"left\">Typ<\/th><\/tr><\/thead><tbody><tr><td>__Secure-ROLLOUT_TOKEN<\/td><td><a target=\"_blank\" rel=\"noreferrer noopener nofollow\" href=\"https:\/\/business.safety.google\/privacy\/\">YouTube<\/a><\/td><td>Wird verwendet, um die Interaktion des Benutzers mit eingebetteten Inhalten zu verfolgen.<\/td><td>180 Tage<\/td><td>HTTP-Cookie<\/td><\/tr><tr><td>__Secure-YEC<\/td><td><a target=\"_blank\" rel=\"noreferrer noopener nofollow\" href=\"https:\/\/business.safety.google\/privacy\/\">YouTube<\/a><\/td><td>Speichert die Einstellungen des Benutzers f\u00fcr den Videoplayer mit eingebettetem YouTube-Video<\/td><td>Sitzung<\/td><td>HTTP-Cookie<\/td><\/tr><tr><td>__Secure-YNID<\/td><td><a target=\"_blank\" rel=\"noreferrer noopener nofollow\" href=\"https:\/\/business.safety.google\/privacy\/\">YouTube<\/a><\/td><td>Anh\u00e4ngig<\/td><td>180 Tage<\/td><td>HTTP-Cookie<\/td><\/tr><tr><td>_fbp<\/td><td><a target=\"_blank\" rel=\"noreferrer noopener nofollow\" href=\"https:\/\/www.facebook.com\/policy.php\/\">Meta Platforms, Inc.<\/a><\/td><td>Wird von Facebook verwendet, um eine Reihe von Werbeprodukten wie Echtzeitgebote von Drittanbietern zu liefern.<\/td><td>3 Monate<\/td><td>HTTP-Cookie<\/td><\/tr><tr><td>_ga<\/td><td><a target=\"_blank\" rel=\"noreferrer noopener nofollow\" href=\"https:\/\/business.safety.google\/privacy\/\">Google<\/a><\/td><td>Wird verwendet, um Daten \u00fcber das Ger\u00e4t und das Verhalten des Besuchers an Google Analytics zu senden. Verfolgt den Besucher \u00fcber alle Ger\u00e4te und Marketingkan\u00e4le hinweg. <\/td><td>2 Jahre<\/td><td>HTTP-Cookie<\/td><\/tr><tr><td>_ga_#<\/td><td><a target=\"_blank\" rel=\"noreferrer noopener nofollow\" href=\"https:\/\/business.safety.google\/privacy\/\">Google<\/a><\/td><td>Wird verwendet, um Daten \u00fcber das Ger\u00e4t und das Verhalten des Besuchers an Google Analytics zu senden. Verfolgt den Besucher \u00fcber alle Ger\u00e4te und Marketingkan\u00e4le hinweg. <\/td><td>2 Jahre<\/td><td>HTTP-Cookie<\/td><\/tr><tr><td>LETZTER_ERGEBNIS_EINTRAG_SCHL\u00dcSSEL<\/td><td><a target=\"_blank\" rel=\"noreferrer noopener nofollow\" href=\"https:\/\/business.safety.google\/privacy\/\">YouTube<\/a><\/td><td>Wird verwendet, um die Interaktion des Benutzers mit eingebetteten Inhalten zu verfolgen.<\/td><td>Sitzung<\/td><td>HTTP-Cookie<\/td><\/tr><tr><td>lastExternalReferrer<\/td><td><a target=\"_blank\" rel=\"noreferrer noopener nofollow\" href=\"https:\/\/www.facebook.com\/policy.php\/\">Meta Platforms, Inc.<\/a><\/td><td>Ermittelt, wie der Benutzer auf die Website gelangt ist, indem er die letzte URL-Adresse registriert.<\/td><td>Persistent<\/td><td>HTML Lokaler Speicher<\/td><\/tr><tr><td>lastExternalReferrerTime<\/td><td><a target=\"_blank\" rel=\"noreferrer noopener nofollow\" href=\"https:\/\/www.facebook.com\/policy.php\/\">Meta Platforms, Inc.<\/a><\/td><td>Ermittelt, wie der Benutzer auf die Website gelangt ist, indem er die letzte URL-Adresse registriert.<\/td><td>Persistent<\/td><td>HTML Lokaler Speicher<\/td><\/tr><tr><td>LogsDatabaseV2:V#||LogsRequestsStore<\/td><td><a target=\"_blank\" rel=\"noreferrer noopener nofollow\" href=\"https:\/\/business.safety.google\/privacy\/\">YouTube<\/a><\/td><td>Wird verwendet, um die Interaktion des Benutzers mit eingebetteten Inhalten zu verfolgen.<\/td><td>Persistent<\/td><td>IndexedDB<\/td><\/tr><tr><td>remote_sid<\/td><td><a target=\"_blank\" rel=\"noreferrer noopener nofollow\" href=\"https:\/\/business.safety.google\/privacy\/\">YouTube<\/a><\/td><td>Erforderlich f\u00fcr die Implementierung und Funktionalit\u00e4t von YouTube-Videoinhalten auf der Website.<\/td><td>Sitzung<\/td><td>HTTP-Cookie<\/td><\/tr><tr><td>TESTCOOKIESABLED<\/td><td><a target=\"_blank\" rel=\"noreferrer noopener nofollow\" href=\"https:\/\/business.safety.google\/privacy\/\">YouTube<\/a><\/td><td>Wird verwendet, um die Interaktion des Benutzers mit eingebetteten Inhalten zu verfolgen.<\/td><td>1 Tag<\/td><td>HTTP-Cookie<\/td><\/tr><tr><td>BESUCHER_INFO1_LIVE<\/td><td><a target=\"_blank\" rel=\"noreferrer noopener nofollow\" href=\"https:\/\/business.safety.google\/privacy\/\">YouTube<\/a><\/td><td>Versucht, die Bandbreite der Nutzer auf Seiten mit integrierten YouTube-Videos zu sch\u00e4tzen.<\/td><td>180 Tage<\/td><td>HTTP-Cookie<\/td><\/tr><tr><td>YSC<\/td><td><a target=\"_blank\" rel=\"noreferrer noopener nofollow\" href=\"https:\/\/business.safety.google\/privacy\/\">YouTube<\/a><\/td><td>Registriert eine eindeutige ID, um Statistiken dar\u00fcber zu f\u00fchren, welche Videos von YouTube der Benutzer gesehen hat.<\/td><td>Sitzung<\/td><td>HTTP-Cookie<\/td><\/tr><tr><td>ytidb::LAST_RESULT_ENTRY_KEY<\/td><td><a target=\"_blank\" rel=\"noreferrer noopener nofollow\" href=\"https:\/\/business.safety.google\/privacy\/\">YouTube<\/a><\/td><td>Wird verwendet, um die Interaktion des Benutzers mit eingebetteten Inhalten zu verfolgen.<\/td><td>Persistent<\/td><td>HTML Lokaler Speicher<\/td><\/tr><tr><td>YtIdbMeta#Datenbanken<\/td><td><a target=\"_blank\" rel=\"noreferrer noopener nofollow\" href=\"https:\/\/business.safety.google\/privacy\/\">YouTube<\/a><\/td><td>Wird verwendet, um die Interaktion des Benutzers mit eingebetteten Inhalten zu verfolgen.<\/td><td>Persistent<\/td><td>IndexedDB<\/td><\/tr><tr><td>yt-remote-cast-available<\/td><td><a target=\"_blank\" rel=\"noreferrer noopener nofollow\" href=\"https:\/\/business.safety.google\/privacy\/\">YouTube<\/a><\/td><td>Speichert die Einstellungen des Benutzers f\u00fcr den Videoplayer mit eingebettetem YouTube-Video<\/td><td>Sitzung<\/td><td>HTML Lokaler Speicher<\/td><\/tr><tr><td>yt-remote-cast-installed<\/td><td><a target=\"_blank\" rel=\"noreferrer noopener nofollow\" href=\"https:\/\/business.safety.google\/privacy\/\">YouTube<\/a><\/td><td>Speichert die Einstellungen des Benutzers f\u00fcr den Videoplayer mit eingebettetem YouTube-Video<\/td><td>Sitzung<\/td><td>HTML Lokaler Speicher<\/td><\/tr><tr><td>yt-entfernt-verbundene-Ger\u00e4te<\/td><td><a target=\"_blank\" rel=\"noreferrer noopener nofollow\" href=\"https:\/\/business.safety.google\/privacy\/\">YouTube<\/a><\/td><td>Speichert die Einstellungen des Benutzers f\u00fcr den Videoplayer mit eingebettetem YouTube-Video<\/td><td>Persistent<\/td><td>HTML Lokaler Speicher<\/td><\/tr><tr><td>yt-remote-device-id<\/td><td><a target=\"_blank\" rel=\"noreferrer noopener nofollow\" href=\"https:\/\/business.safety.google\/privacy\/\">YouTube<\/a><\/td><td>Speichert die Einstellungen des Benutzers f\u00fcr den Videoplayer mit eingebettetem YouTube-Video<\/td><td>Persistent<\/td><td>HTML Lokaler Speicher<\/td><\/tr><tr><td>yt-remote-fast-check-period<\/td><td><a target=\"_blank\" rel=\"noreferrer noopener nofollow\" href=\"https:\/\/business.safety.google\/privacy\/\">YouTube<\/a><\/td><td>Speichert die Einstellungen des Benutzers f\u00fcr den Videoplayer mit eingebettetem YouTube-Video<\/td><td>Sitzung<\/td><td>HTML Lokaler Speicher<\/td><\/tr><tr><td>yt-remote-session-app<\/td><td><a target=\"_blank\" rel=\"noreferrer noopener nofollow\" href=\"https:\/\/business.safety.google\/privacy\/\">YouTube<\/a><\/td><td>Speichert die Einstellungen des Benutzers f\u00fcr den Videoplayer mit eingebettetem YouTube-Video<\/td><td>Sitzung<\/td><td>HTML Lokaler Speicher<\/td><\/tr><tr><td>yt-remote-session-name<\/td><td><a target=\"_blank\" rel=\"noreferrer noopener nofollow\" href=\"https:\/\/business.safety.google\/privacy\/\">YouTube<\/a><\/td><td>Speichert die Einstellungen des Benutzers f\u00fcr den Videoplayer mit eingebettetem YouTube-Video<\/td><td>Sitzung<\/td><td>HTML Lokaler Speicher<\/td><\/tr><tr><td>zc_show<\/td><td><a target=\"_blank\" rel=\"noreferrer noopener nofollow\" href=\"https:\/\/www.zoho.com\/privacy.html\">Zoho<\/a><\/td><td>Sammelt Daten \u00fcber die Vorlieben und das Verhalten der Besucher auf der Website &#8211; Diese Informationen werden verwendet, um Inhalte und Werbung f\u00fcr den jeweiligen Besucher relevanter zu gestalten.<\/td><td>1 Jahr<\/td><td>HTTP-Cookie<\/td><\/tr><\/tbody><\/table><\/figure>\n\n<p>Nicht klassifiziert (5)<\/p>\n\n<p>Nicht klassifizierte Cookies sind Cookies, die wir zusammen mit den Anbietern der einzelnen Cookies klassifizieren wollen.<\/p>\n\n<figure class=\"wp-block-table\"><table class=\"has-fixed-layout\"><thead><tr><th class=\"has-text-align-left\" data-align=\"left\">Name<\/th><th class=\"has-text-align-left\" data-align=\"left\">Anbieter<\/th><th class=\"has-text-align-left\" data-align=\"left\">Zweck<\/th><th class=\"has-text-align-left\" data-align=\"left\">Maximale Speicherdauer<\/th><th class=\"has-text-align-left\" data-align=\"left\">Typ<\/th><\/tr><\/thead><tbody><tr><td>_zitok<\/td><td><a target=\"_blank\" rel=\"noreferrer noopener nofollow\" href=\"https:\/\/www.zoominfo.com\/legal\/privacy-policy\">ZoomInfo<\/a><\/td><td>Anh\u00e4ngig<\/td><td>1 Jahr<\/td><td>HTTP-Cookie<\/td><\/tr><tr><td>unifiedScriptVerified<\/td><td>www.caljan.com<\/td><td>Anh\u00e4ngig<\/td><td>Sitzung<\/td><td>HTML Lokaler Speicher<\/td><\/tr><tr><td>zalb_# [x2]<\/td><td><a target=\"_blank\" rel=\"noreferrer noopener nofollow\" href=\"https:\/\/www.zoho.com\/privacy.html\">Zoho<\/a><\/td><td>Anh\u00e4ngig<\/td><td>Sitzung<\/td><td>HTTP-Cookie<\/td><\/tr><tr><td>ziScriptSession<\/td><td><a target=\"_blank\" rel=\"noreferrer noopener nofollow\" href=\"https:\/\/www.zoominfo.com\/legal\/privacy-policy\">ZoomInfo<\/a><\/td><td>Anh\u00e4ngig<\/td><td>Sitzung<\/td><td>HTML Lokaler Speicher<\/td><\/tr><\/tbody><\/table><\/figure>\n","protected":false},"excerpt":{"rendered":"<p>Erfahren Sie, wie Caljan Cookies verwendet, um die Leistung der Website zu verbessern, Ihr Surferlebnis zu steigern und relevante Inhalte zu liefern, w\u00e4hrend Ihre Privatsph\u00e4re gesch\u00fctzt wird.<\/p>\n","protected":false},"author":1,"featured_media":3555,"parent":0,"menu_order":0,"comment_status":"closed","ping_status":"closed","template":"","meta":{"_acf_changed":false},"class_list":["post-3696","page","type-page","status-publish","has-post-thumbnail","hentry"],"acf":[],"_links":{"self":[{"href":"https:\/\/caljan.com\/de\/wp-json\/wp\/v2\/pages\/3696","targetHints":{"allow":["GET"]}}],"collection":[{"href":"https:\/\/caljan.com\/de\/wp-json\/wp\/v2\/pages"}],"about":[{"href":"https:\/\/caljan.com\/de\/wp-json\/wp\/v2\/types\/page"}],"author":[{"embeddable":true,"href":"https:\/\/caljan.com\/de\/wp-json\/wp\/v2\/users\/1"}],"replies":[{"embeddable":true,"href":"https:\/\/caljan.com\/de\/wp-json\/wp\/v2\/comments?post=3696"}],"version-history":[{"count":4,"href":"https:\/\/caljan.com\/de\/wp-json\/wp\/v2\/pages\/3696\/revisions"}],"predecessor-version":[{"id":5002,"href":"https:\/\/caljan.com\/de\/wp-json\/wp\/v2\/pages\/3696\/revisions\/5002"}],"wp:featuredmedia":[{"embeddable":true,"href":"https:\/\/caljan.com\/de\/wp-json\/wp\/v2\/media\/3555"}],"wp:attachment":[{"href":"https:\/\/caljan.com\/de\/wp-json\/wp\/v2\/media?parent=3696"}],"curies":[{"name":"wp","href":"https:\/\/api.w.org\/{rel}","templated":true}]}}